{"id":21,"date":"2019-05-14T12:09:00","date_gmt":"2019-05-14T10:09:00","guid":{"rendered":"http:\/\/www.aarenson.hu\/?page_id=21"},"modified":"2025-04-02T22:25:48","modified_gmt":"2025-04-02T20:25:48","slug":"executive-search","status":"publish","type":"page","link":"https:\/\/www.aarenson.hu\/en\/for-employers\/executive-search\/","title":{"rendered":"Executive Search"},"content":{"rendered":"<p><\/p>\n<p>[vc_row full_width=&#8221;stretch_row_content_no_spaces&#8221;][vc_column]\t<div class=\"section subpage-hero-section \">\n\t\t<div class=\"container\">\n\t\t\t<div class=\"columns\">\n\t\t\t\t<div class=\"col col-12 center\">\n\t\t\t\t\t<h1 class=\"hero-heading-1\">Executive Search<\/h1>\n\t\t\t\t\t<p class=\"small-title turquose\">A VEZET\u0150I TAN\u00c1CSAD\u00c1S SPECI\u00c1LIS FORM\u00c1JA<\/p>\n\t\t\t\t<\/div>\n\t\t\t<\/div>\n\t\t<\/div>\n\t<\/div>\n\t[\/vc_column][\/vc_row][vc_row equal_height=&#8221;yes&#8221; css=&#8221;.vc_custom_1558959180736{padding-top: 60px !important;padding-right: 15px !important;padding-bottom: 60px !important;padding-left: 15px !important;}&#8221; smallbbresponsive=&#8221;.bb_custom_1558514455707{padding-top:10px!important;padding-right:10px!important;padding-bottom:10px!important;padding-left:10px!important;}&#8221; mediumbbresponsive=&#8221;.bb_custom_1558514455707{padding-top:15px!important;padding-right:15px!important;padding-bottom:15px!important;padding-left:15px!important;}&#8221; largebbresponsive=&#8221;.bb_custom_1558514455708{padding-top:60px!important;padding-right:45px!important;padding-bottom:60px!important;padding-left:45px!important;}&#8221; tabletbbresponsive=&#8221;.bb_custom_1558959180737{padding-top:30px!important;padding-right:5px!important;padding-bottom:30px!important;padding-left:5px!important;}&#8221; mobilebbresponsive=&#8221;.bb_custom_1558959180737{padding-top:20px!important;padding-right:0px!important;padding-bottom:20px!important;padding-left:0px!important;}&#8221;][vc_column width=&#8221;1\/12&#8243; smallbbresponsive=&#8221;.bb_custom_1558514389801{padding-top:10px!important;padding-right:10px!important;padding-bottom:10px!important;padding-left:10px!important;}&#8221; mediumbbresponsive=&#8221;.bb_custom_1558514389802{padding-top:15px!important;padding-right:15px!important;padding-bottom:15px!important;padding-left:15px!important;}&#8221; largebbresponsive=&#8221;.bb_custom_1558514389802{padding-top:0px!important;padding-right:15px!important;padding-bottom:0px!important;padding-left:15px!important;}&#8221; mobilebbresponsive=&#8221;.bb_custom_1558959190588{padding-bottom:20px!important;}&#8221;][\/vc_column][vc_column width=&#8221;5\/6&#8243; smallbbresponsive=&#8221;.bb_custom_1558514564641{padding-top:10px!important;padding-right:10px!important;padding-bottom:10px!important;padding-left:10px!important;}&#8221; mediumbbresponsive=&#8221;.bb_custom_1558514564642{padding-top:15px!important;padding-right:15px!important;padding-bottom:15px!important;padding-left:15px!important;}&#8221; largebbresponsive=&#8221;.bb_custom_1558514564642{padding-top:0px!important;padding-right:15px!important;padding-bottom:0px!important;padding-left:15px!important;}&#8221;]\t<div class=\"big-text blue \">\n\t\tAz Executive Search olyan fels\u0151-vezet\u0151k vagy kiv\u00e9teles szakmai kompetenci\u00e1kkal rendelkez\u0151, magasan k\u00e9pzett szakemberek azonos\u00edt\u00e1s\u00e1ra \u00e9s toborz\u00e1s\u00e1ra aj\u00e1nlott, akikb\u0151l szinte csak n\u00e9h\u00e1ny alkalmas munkav\u00e1llal\u00f3 tal\u00e1lhat\u00f3 a teljes munkaer\u0151 piacon. Amikor m\u00e1r a fejvad\u00e1szat sem el\u00e9g, akkor j\u00f6n az Executive Search!\t<\/div>\n\t[vc_column_text css=&#8221;.vc_custom_1621354992805{margin-bottom: 20px !important;padding-top: 30px !important;}&#8221; el_class=&#8221;bigger-text&#8221;]A kulcs a k\u00f6zvetlen \u00e9s szem\u00e9lyes toborz\u00e1si csatorna. A jel\u00f6ltek megk\u00f6zel\u00edt\u00e9s\u00e9t megel\u0151zi egy \u00e1tfog\u00f3 \u00e9s sz\u00e1mos szempontot figyelembe vev\u0151, diszkr\u00e9t piackutat\u00e1s, amely felt\u00e9rk\u00e9pezi az adott ipar\u00e1g szakmai kiv\u00e1l\u00f3s\u00e1gait. Ezt k\u00f6vet\u0151en az \u00fcgyfel\u00fcnkkel k\u00f6z\u00f6sen v\u00e1lasztjuk ki, kik legyenek a megk\u00f6zel\u00edtend\u0151 szakemberek.<\/p>\n<p>A magas poz\u00edci\u00f3ban \u00fcl\u0151 szakemberek megsz\u00f3l\u00edt\u00e1sa eg\u00e9szen m\u00e1s feladat, mint amit <a href=\"https:\/\/www.aarenson.hu\/munkaltatoknak\/fejvadaszat\/\">\u00e1ltal\u00e1nos fejvad\u00e1szat<\/a> k\u00f6zben v\u00e9gz\u00fcnk. A sikeres toborz\u00e1s d\u00f6nt\u0151 momentuma, hogy a fejvad\u00e1sz tan\u00e1csad\u00f3 hozz\u00e1\u00e9rt\u00e9ssel bemutassa a karrier lehet\u0151s\u00e9gnek azon aspektusait, amelyek kiv\u00e9telesen vonz\u00f3v\u00e1 tehetik a minden tekintetben megfelel\u0151 potenci\u00e1lis jel\u00f6lt sz\u00e1m\u00e1ra az \u00faj munkak\u00f6rt.<\/p>\n<p>Az Executive Search szolg\u00e1ltat\u00e1s sor\u00e1n felkutatott \u00e9s a feladatra megnyert jel\u00f6lt tapasztalata, tud\u00e1sa \u00e9s j\u00f6v\u0151be mutat\u00f3 k\u00e9pess\u00e9gei a garancia arra, hogy az \u00fcgyf\u00e9l strat\u00e9giai c\u00e9ljai megval\u00f3suljanak.<\/p>\n<p>Nem lehet el\u00e9gg\u00e9 hangs\u00falyozni, hogy ezen a szinten a fejvad\u00e1sz tan\u00e1csad\u00f3 munkat\u00e1rs szakmai \u00e9s emberi kompetenci\u00e1ja mennyire fontos. Ha a megsz\u00f3l\u00edtott szakember nem \u00e9rzi a tan\u00e1csad\u00f3 oldal\u00e1r\u00f3l a kell\u0151 szakmai felk\u00e9sz\u00fclts\u00e9get, amennyiben kommunik\u00e1ci\u00f3s szinten nincsen meg az \u00f6sszhang, nincs es\u00e9ly a jel\u00f6lt motiv\u00e1l\u00e1s\u00e1ra, hogy v\u00e1ltson.<\/p>\n<p>Ez\u00e9rt az Executive Search sor\u00e1n a legfelk\u00e9sz\u00fcltebb, t\u00f6bb \u00e9vtizedes szakmai tapasztalattal rendelkez\u0151 fejvad\u00e1sz munkat\u00e1rsaink v\u00e9gzik a toborz\u00e1s feladat\u00e1t. Fels\u0151 vezet\u0151k, bizalmi szakemberek, kulcsfontoss\u00e1g\u00fa munkak\u00f6r\u00f6k eset\u00e9n ezt a szolg\u00e1ltat\u00e1sunkat javasoljuk.<\/p>\n<p><strong>Az Executive Search szolg\u00e1ltat\u00e1st, sikerd\u00edjas alapon, speci\u00e1lis \u00e9s hossz\u00fat\u00e1v\u00fa garanci\u00e1kkal kib\u0151v\u00edtve v\u00e9gezz\u00fck.<\/strong>[\/vc_column_text][\/vc_column][vc_column width=&#8221;1\/12&#8243;][\/vc_column][\/vc_row][vc_section full_width=&#8221;stretch_row&#8221; css=&#8221;.vc_custom_1571988978771{padding-top: 0px !important;padding-bottom: 0px !important;background-image: url(https:\/\/www.aarenson.hu\/wp-content\/uploads\/2019\/05\/fejvadaszat-bg.jpg?id=1879) !important;background-position: center !important;background-repeat: no-repeat !important;background-size: cover !important;}&#8221;][vc_row css=&#8221;.vc_custom_1559213191650{padding-top: 140px !important;padding-right: 15px !important;padding-bottom: 140px !important;padding-left: 15px !important;}&#8221; el_class=&#8221;white-text&#8221; tabletbbresponsive=&#8221;.bb_custom_1559213191651{padding-top:90px!important;padding-right:5px!important;padding-bottom:90px!important;padding-left:5px!important;}&#8221; mobilebbresponsive=&#8221;.bb_custom_1559213191651{padding-top:75px!important;padding-right:0px!important;padding-bottom:40px!important;padding-left:0px!important;}&#8221;][vc_column width=&#8221;1\/12&#8243;][\/vc_column][vc_column width=&#8221;5\/12&#8243; offset=&#8221;vc_hidden-xs&#8221;][vc_column_text el_class=&#8221;bigger-text&#8221;]A jel\u00f6ltek megk\u00f6zel\u00edt\u00e9s\u00e9t megel\u0151zi egy \u00e1tfog\u00f3 \u00e9s sz\u00e1mos szempontot figyelembe vev\u0151 piackutat\u00e1s, amely felt\u00e9rk\u00e9pezi az adott ipar\u00e1g szakmai kiv\u00e1l\u00f3s\u00e1gait.<\/p>\n<p><strong>A szolg\u00e1ltat\u00e1st, sikerd\u00edjas alapon, speci\u00e1lis garanci\u00e1kkal kib\u0151v\u00edtve v\u00e9gezz\u00fck.<\/strong>[\/vc_column_text][\/vc_column][vc_column width=&#8221;5\/12&#8243;][\/vc_column][vc_column width=&#8221;1\/12&#8243;][\/vc_column][\/vc_row][\/vc_section][vc_row full_width=&#8221;stretch_row&#8221; css=&#8221;.vc_custom_1558959289471{padding-top: 60px !important;padding-bottom: 30px !important;background-color: #f3f4f5 !important;}&#8221; tabletbbresponsive=&#8221;.bb_custom_1558959289471{padding-top:30px!important;padding-bottom:30px!important;}&#8221; mobilebbresponsive=&#8221;.bb_custom_1558959289472{padding-top:20px!important;padding-bottom:20px!important;}&#8221;][vc_column css=&#8221;.vc_custom_1558959253686{padding-top: 0px !important;padding-bottom: 0px !important;}&#8221; mobilebbresponsive=&#8221;.bb_custom_1558959253688{text-align:center!important;}&#8221;][vc_row_inner equal_height=&#8221;yes&#8221;][vc_column_inner width=&#8221;1\/4&#8243; css=&#8221;.vc_custom_1558020434149{padding-top: 0px !important;padding-bottom: 0px !important;}&#8221;][\/vc_column_inner][vc_column_inner width=&#8221;1\/2&#8243; css=&#8221;.vc_custom_1558020428648{padding-top: 0px !important;padding-bottom: 0px !important;}&#8221;][vc_custom_heading text=&#8221;K\u00e9rjen aj\u00e1nlatot, hogy megtal\u00e1lja ide\u00e1lis munkat\u00e1rs\u00e1t!&#8221; font_container=&#8221;tag:h2|text_align:center&#8221; use_theme_fonts=&#8221;yes&#8221;][vc_column_text]Munkat\u00e1rsunk halad\u00e9ktalanul jelentkezik \u00d6nn\u00e9l, v\u00e1laszol k\u00e9rd\u00e9seire \u00e9s szem\u00e9lyre szabott megold\u00e1st dolgoz ki c\u00e9ge sz\u00e1m\u00e1ra!<\/p>\n<p>Fontos: az aj\u00e1nlatk\u00e9r\u00e9s semmilyen k\u00f6telezetts\u00e9get nem jelent az \u00d6n sz\u00e1m\u00e1ra![\/vc_column_text]\n<div class=\"wpcf7 no-js\" id=\"wpcf7-f201-o2\" lang=\"hu-HU\" dir=\"ltr\" data-wpcf7-id=\"201\">\n<div class=\"screen-reader-response\"><p role=\"status\" aria-live=\"polite\" aria-atomic=\"true\"><\/p> <ul><\/ul><\/div>\n<form action=\"\/en\/wp-json\/wp\/v2\/pages\/21#wpcf7-f201-o2\" method=\"post\" class=\"wpcf7-form init\" aria-label=\"Kapcsolatfelv\u00e9teli \u0171rlap\" novalidate=\"novalidate\" data-status=\"init\">\n<fieldset class=\"hidden-fields-container\"><input type=\"hidden\" name=\"_wpcf7\" value=\"201\" \/><input type=\"hidden\" name=\"_wpcf7_version\" value=\"6.1.4\" \/><input type=\"hidden\" name=\"_wpcf7_locale\" value=\"hu_HU\" \/><input type=\"hidden\" name=\"_wpcf7_unit_tag\" value=\"wpcf7-f201-o2\" \/><input type=\"hidden\" name=\"_wpcf7_container_post\" value=\"0\" \/><input type=\"hidden\" name=\"_wpcf7_posted_data_hash\" value=\"\" \/><input type=\"hidden\" name=\"_wpcf7_recaptcha_response\" value=\"\" \/>\n<\/fieldset>\n<div class=\"w-form aa-form\">\n\t<p><label for=\"mk-name\" class=\"fieldlabel\">Kapcsolattart\u00f3 neve<\/label><span class=\"wpcf7-form-control-wrap\" data-name=\"mk-name\"><input size=\"40\" maxlength=\"400\" class=\"wpcf7-form-control wpcf7-text wpcf7-validates-as-required textfield w-input\" aria-required=\"true\" aria-invalid=\"false\" value=\"\" type=\"text\" name=\"mk-name\" \/><\/span><label for=\"mk-email\" class=\"fieldlabel\">Kapcsolattart\u00f3 email c\u00edme<\/label><span class=\"wpcf7-form-control-wrap\" data-name=\"mk-email\"><input size=\"40\" maxlength=\"400\" class=\"wpcf7-form-control wpcf7-email wpcf7-validates-as-required wpcf7-text wpcf7-validates-as-email textfield w-input\" aria-required=\"true\" aria-invalid=\"false\" value=\"\" type=\"email\" name=\"mk-email\" \/><\/span><label for=\"mk-tel\" class=\"fieldlabel\">Telefonsz\u00e1m<\/label><span class=\"wpcf7-form-control-wrap\" data-name=\"mk-tel\"><input size=\"40\" maxlength=\"400\" class=\"wpcf7-form-control wpcf7-tel wpcf7-validates-as-required wpcf7-text wpcf7-validates-as-tel textfield w-input\" aria-required=\"true\" aria-invalid=\"false\" placeholder=\"+36\" value=\"\" type=\"tel\" name=\"mk-tel\" \/><\/span><label for=\"mk-message\" class=\"fieldlabel\">Aj\u00e1nlatk\u00e9r\u00e9s sz\u00f6vege<\/label><span class=\"wpcf7-form-control-wrap\" data-name=\"mk-message\"><textarea cols=\"40\" rows=\"10\" maxlength=\"2000\" class=\"wpcf7-form-control wpcf7-textarea textarea w-input\" aria-invalid=\"false\" placeholder=\"Miben seg\u00edthet\u00fcnk?\" name=\"mk-message\"><\/textarea><\/span>\n\t<\/p>\n\t<div class=\"aa-submit-container\">\n\t\t<p><input class=\"wpcf7-form-control wpcf7-submit has-spinner button w-button\" type=\"submit\" value=\"Aj\u00e1nlatot k\u00e9rek\" \/>\n\t\t<\/p>\n\t<\/div>\n<\/div><p style=\"display: none !important;\" class=\"akismet-fields-container\" data-prefix=\"_wpcf7_ak_\"><label>&#916;<textarea name=\"_wpcf7_ak_hp_textarea\" cols=\"45\" rows=\"8\" maxlength=\"100\"><\/textarea><\/label><input type=\"hidden\" id=\"ak_js_2\" name=\"_wpcf7_ak_js\" value=\"46\"\/><script>document.getElementById( \"ak_js_2\" ).setAttribute( \"value\", ( new Date() ).getTime() );<\/script><\/p><div class=\"wpcf7-response-output\" aria-hidden=\"true\"><\/div>\n<\/form>\n<\/div>\n[\/vc_column_inner][vc_column_inner width=&#8221;1\/4&#8243; css=&#8221;.vc_custom_1558020442733{padding-top: 0px !important;padding-bottom: 0px !important;}&#8221;][\/vc_column_inner][\/vc_row_inner][\/vc_column][\/vc_row]<\/p>\n<p><\/p>","protected":false},"excerpt":{"rendered":"<p>[vc_row full_width=&#8221;stretch_row_content_no_spaces&#8221;][vc_column][\/vc_column][\/vc_row][vc_row equal_height=&#8221;yes&#8221; css=&#8221;.vc_custom_1558959180736{padding-top: 60px !important;padding-right: 15px !important;padding-bottom: 60px !important;padding-left: 15px !important;}&#8221; smallbbresponsive=&#8221;.bb_custom_1558514455707{padding-top:10px!important;padding-right:10px!important;padding-bottom:10px!important;padding-left:10px!important;}&#8221; mediumbbresponsive=&#8221;.bb_custom_1558514455707{padding-top:15px!important;padding-right:15px!important;padding-bottom:15px!important;padding-left:15px!important;}&#8221; largebbresponsive=&#8221;.bb_custom_1558514455708{padding-top:60px!important;padding-right:45px!important;padding-bottom:60px!important;padding-left:45px!important;}&#8221; tabletbbresponsive=&#8221;.bb_custom_1558959180737{padding-top:30px!important;padding-right:5px!important;padding-bottom:30px!important;padding-left:5px!important;}&#8221; mobilebbresponsive=&#8221;.bb_custom_1558959180737{padding-top:20px!important;padding-right:0px!important;padding-bottom:20px!important;padding-left:0px!important;}&#8221;][vc_column width=&#8221;1\/12&#8243; smallbbresponsive=&#8221;.bb_custom_1558514389801{padding-top:10px!important;padding-right:10px!important;padding-bottom:10px!important;padding-left:10px!important;}&#8221; mediumbbresponsive=&#8221;.bb_custom_1558514389802{padding-top:15px!important;padding-right:15px!important;padding-bottom:15px!important;padding-left:15px!important;}&#8221; largebbresponsive=&#8221;.bb_custom_1558514389802{padding-top:0px!important;padding-right:15px!important;padding-bottom:0px!important;padding-left:15px!important;}&#8221; mobilebbresponsive=&#8221;.bb_custom_1558959190588{padding-bottom:20px!important;}&#8221;][\/vc_column][vc_column width=&#8221;5\/6&#8243; smallbbresponsive=&#8221;.bb_custom_1558514564641{padding-top:10px!important;padding-right:10px!important;padding-bottom:10px!important;padding-left:10px!important;}&#8221; mediumbbresponsive=&#8221;.bb_custom_1558514564642{padding-top:15px!important;padding-right:15px!important;padding-bottom:15px!important;padding-left:15px!important;}&#8221; largebbresponsive=&#8221;.bb_custom_1558514564642{padding-top:0px!important;padding-right:15px!important;padding-bottom:0px!important;padding-left:15px!important;}&#8221;][vc_column_text css=&#8221;.vc_custom_1621354992805{margin-bottom: 20px !important;padding-top: 30px !important;}&#8221; el_class=&#8221;bigger-text&#8221;]A kulcs a k\u00f6zvetlen \u00e9s szem\u00e9lyes toborz\u00e1si csatorna. A jel\u00f6ltek megk\u00f6zel\u00edt\u00e9s\u00e9t megel\u0151zi egy \u00e1tfog\u00f3 \u00e9s sz\u00e1mos szempontot figyelembe vev\u0151, diszkr\u00e9t piackutat\u00e1s, amely felt\u00e9rk\u00e9pezi az [&hellip;]<\/p>\n","protected":false},"author":2,"featured_media":0,"parent":11,"menu_order":0,"comment_status":"closed","ping_status":"closed","template":"","meta":{"footnotes":""},"class_list":["post-21","page","type-page","status-publish","hentry"],"yoast_head":"<!-- This site is optimized with the Yoast SEO Premium plugin v26.7 (Yoast SEO v26.7) - https:\/\/yoast.com\/wordpress\/plugins\/seo\/ -->\n<title>Executive Search | Aarenson<\/title>\n<meta name=\"description\" content=\"Fels\u0151-vezet\u0151k vagy kiv\u00e9teles szakmai kompetenci\u00e1kkal rendelkez\u0151, magasan k\u00e9pzett szakemberek azonos\u00edt\u00e1s\u00e1ra \u00e9s toborz\u00e1s\u00e1ra aj\u00e1nlott.\" \/>\n<meta name=\"robots\" content=\"index, follow, max-snippet:-1, max-image-preview:large, max-video-preview:-1\" \/>\n<link rel=\"canonical\" href=\"https:\/\/www.aarenson.hu\/munkaltatoknak\/executive-search\/\" \/>\n<meta property=\"og:locale\" content=\"en_US\" \/>\n<meta property=\"og:type\" content=\"article\" \/>\n<meta property=\"og:title\" content=\"Executive Search\" \/>\n<meta property=\"og:description\" content=\"Fels\u0151-vezet\u0151k vagy kiv\u00e9teles szakmai kompetenci\u00e1kkal rendelkez\u0151, magasan k\u00e9pzett szakemberek azonos\u00edt\u00e1s\u00e1ra \u00e9s toborz\u00e1s\u00e1ra aj\u00e1nlott.\" \/>\n<meta property=\"og:url\" content=\"https:\/\/www.aarenson.hu\/munkaltatoknak\/executive-search\/\" \/>\n<meta property=\"og:site_name\" content=\"Aarenson\" \/>\n<meta property=\"article:publisher\" content=\"https:\/\/www.facebook.com\/aarenson.consulting\/\" \/>\n<meta property=\"article:modified_time\" content=\"2025-04-02T20:25:48+00:00\" \/>\n<meta name=\"twitter:card\" content=\"summary_large_image\" \/>\n<meta name=\"twitter:label1\" content=\"Est. reading time\" \/>\n\t<meta name=\"twitter:data1\" content=\"3 minutes\" \/>\n<script type=\"application\/ld+json\" class=\"yoast-schema-graph\">{\"@context\":\"https:\/\/schema.org\",\"@graph\":[{\"@type\":\"WebPage\",\"@id\":\"https:\/\/www.aarenson.hu\/munkaltatoknak\/executive-search\/\",\"url\":\"https:\/\/www.aarenson.hu\/munkaltatoknak\/executive-search\/\",\"name\":\"Executive Search | Aarenson\",\"isPartOf\":{\"@id\":\"https:\/\/www.aarenson.hu\/#website\"},\"datePublished\":\"2019-05-14T10:09:00+00:00\",\"dateModified\":\"2025-04-02T20:25:48+00:00\",\"description\":\"Fels\u0151-vezet\u0151k vagy kiv\u00e9teles szakmai kompetenci\u00e1kkal rendelkez\u0151, magasan k\u00e9pzett szakemberek azonos\u00edt\u00e1s\u00e1ra \u00e9s toborz\u00e1s\u00e1ra aj\u00e1nlott.\",\"breadcrumb\":{\"@id\":\"https:\/\/www.aarenson.hu\/munkaltatoknak\/executive-search\/#breadcrumb\"},\"inLanguage\":\"en-US\",\"potentialAction\":[{\"@type\":\"ReadAction\",\"target\":[\"https:\/\/www.aarenson.hu\/munkaltatoknak\/executive-search\/\"]}]},{\"@type\":\"BreadcrumbList\",\"@id\":\"https:\/\/www.aarenson.hu\/munkaltatoknak\/executive-search\/#breadcrumb\",\"itemListElement\":[{\"@type\":\"ListItem\",\"position\":1,\"name\":\"Home\",\"item\":\"https:\/\/www.aarenson.hu\/\"},{\"@type\":\"ListItem\",\"position\":2,\"name\":\"Munk\u00e1ltat\u00f3knak\",\"item\":\"https:\/\/www.aarenson.hu\/munkaltatoknak\/\"},{\"@type\":\"ListItem\",\"position\":3,\"name\":\"Executive Search\"}]},{\"@type\":\"WebSite\",\"@id\":\"https:\/\/www.aarenson.hu\/#website\",\"url\":\"https:\/\/www.aarenson.hu\/\",\"name\":\"Aarenson\",\"description\":\"\",\"potentialAction\":[{\"@type\":\"SearchAction\",\"target\":{\"@type\":\"EntryPoint\",\"urlTemplate\":\"https:\/\/www.aarenson.hu\/?s={search_term_string}\"},\"query-input\":{\"@type\":\"PropertyValueSpecification\",\"valueRequired\":true,\"valueName\":\"search_term_string\"}}],\"inLanguage\":\"en-US\"}]}<\/script>\n<!-- \/ Yoast SEO Premium plugin. -->","yoast_head_json":{"title":"Executive Search | Aarenson","description":"Fels\u0151-vezet\u0151k vagy kiv\u00e9teles szakmai kompetenci\u00e1kkal rendelkez\u0151, magasan k\u00e9pzett szakemberek azonos\u00edt\u00e1s\u00e1ra \u00e9s toborz\u00e1s\u00e1ra aj\u00e1nlott.","robots":{"index":"index","follow":"follow","max-snippet":"max-snippet:-1","max-image-preview":"max-image-preview:large","max-video-preview":"max-video-preview:-1"},"canonical":"https:\/\/www.aarenson.hu\/munkaltatoknak\/executive-search\/","og_locale":"en_US","og_type":"article","og_title":"Executive Search","og_description":"Fels\u0151-vezet\u0151k vagy kiv\u00e9teles szakmai kompetenci\u00e1kkal rendelkez\u0151, magasan k\u00e9pzett szakemberek azonos\u00edt\u00e1s\u00e1ra \u00e9s toborz\u00e1s\u00e1ra aj\u00e1nlott.","og_url":"https:\/\/www.aarenson.hu\/munkaltatoknak\/executive-search\/","og_site_name":"Aarenson","article_publisher":"https:\/\/www.facebook.com\/aarenson.consulting\/","article_modified_time":"2025-04-02T20:25:48+00:00","twitter_card":"summary_large_image","twitter_misc":{"Est. reading time":"3 minutes"},"schema":{"@context":"https:\/\/schema.org","@graph":[{"@type":"WebPage","@id":"https:\/\/www.aarenson.hu\/munkaltatoknak\/executive-search\/","url":"https:\/\/www.aarenson.hu\/munkaltatoknak\/executive-search\/","name":"Executive Search | Aarenson","isPartOf":{"@id":"https:\/\/www.aarenson.hu\/#website"},"datePublished":"2019-05-14T10:09:00+00:00","dateModified":"2025-04-02T20:25:48+00:00","description":"Fels\u0151-vezet\u0151k vagy kiv\u00e9teles szakmai kompetenci\u00e1kkal rendelkez\u0151, magasan k\u00e9pzett szakemberek azonos\u00edt\u00e1s\u00e1ra \u00e9s toborz\u00e1s\u00e1ra aj\u00e1nlott.","breadcrumb":{"@id":"https:\/\/www.aarenson.hu\/munkaltatoknak\/executive-search\/#breadcrumb"},"inLanguage":"en-US","potentialAction":[{"@type":"ReadAction","target":["https:\/\/www.aarenson.hu\/munkaltatoknak\/executive-search\/"]}]},{"@type":"BreadcrumbList","@id":"https:\/\/www.aarenson.hu\/munkaltatoknak\/executive-search\/#breadcrumb","itemListElement":[{"@type":"ListItem","position":1,"name":"Home","item":"https:\/\/www.aarenson.hu\/"},{"@type":"ListItem","position":2,"name":"Munk\u00e1ltat\u00f3knak","item":"https:\/\/www.aarenson.hu\/munkaltatoknak\/"},{"@type":"ListItem","position":3,"name":"Executive Search"}]},{"@type":"WebSite","@id":"https:\/\/www.aarenson.hu\/#website","url":"https:\/\/www.aarenson.hu\/","name":"Aarenson","description":"","potentialAction":[{"@type":"SearchAction","target":{"@type":"EntryPoint","urlTemplate":"https:\/\/www.aarenson.hu\/?s={search_term_string}"},"query-input":{"@type":"PropertyValueSpecification","valueRequired":true,"valueName":"search_term_string"}}],"inLanguage":"en-US"}]}},"_links":{"self":[{"href":"https:\/\/www.aarenson.hu\/en\/wp-json\/wp\/v2\/pages\/21","targetHints":{"allow":["GET"]}}],"collection":[{"href":"https:\/\/www.aarenson.hu\/en\/wp-json\/wp\/v2\/pages"}],"about":[{"href":"https:\/\/www.aarenson.hu\/en\/wp-json\/wp\/v2\/types\/page"}],"author":[{"embeddable":true,"href":"https:\/\/www.aarenson.hu\/en\/wp-json\/wp\/v2\/users\/2"}],"replies":[{"embeddable":true,"href":"https:\/\/www.aarenson.hu\/en\/wp-json\/wp\/v2\/comments?post=21"}],"version-history":[{"count":47,"href":"https:\/\/www.aarenson.hu\/en\/wp-json\/wp\/v2\/pages\/21\/revisions"}],"predecessor-version":[{"id":2801,"href":"https:\/\/www.aarenson.hu\/en\/wp-json\/wp\/v2\/pages\/21\/revisions\/2801"}],"up":[{"embeddable":true,"href":"https:\/\/www.aarenson.hu\/en\/wp-json\/wp\/v2\/pages\/11"}],"wp:attachment":[{"href":"https:\/\/www.aarenson.hu\/en\/wp-json\/wp\/v2\/media?parent=21"}],"curies":[{"name":"wp","href":"https:\/\/api.w.org\/{rel}","templated":true}]}}