{"id":25,"date":"2019-05-14T12:09:30","date_gmt":"2019-05-14T10:09:30","guid":{"rendered":"http:\/\/www.aarenson.hu\/?page_id=25"},"modified":"2026-01-14T20:17:40","modified_gmt":"2026-01-14T19:17:40","slug":"allasajanlataink","status":"publish","type":"page","link":"https:\/\/www.aarenson.hu\/en\/allaskeresoknek\/allasajanlataink\/","title":{"rendered":"\u00c1ll\u00e1saj\u00e1nlataink"},"content":{"rendered":"<p>[vc_row][vc_column][vc_column_text]<\/p>\n<p style=\"font-weight: 400;\">[\/vc_column_text][\/vc_column][\/vc_row][vc_row full_width=&#8221;stretch_row_content_no_spaces&#8221;][vc_column]\t<div class=\"section subpage-hero-section \">\n\t\t<div class=\"container\">\n\t\t\t<div class=\"columns\">\n\t\t\t\t<div class=\"col col-12 center\">\n\t\t\t\t\t<h1 class=\"hero-heading-1\">\u00c1ll\u00e1saj\u00e1nlataink<\/h1>\n\t\t\t\t\t<p class=\"small-title orange\">0 \u00c1LL\u00c1SAJ\u00c1NLAT K\u00d6Z\u00dcL V\u00c1LOGATHAT<\/p>\n\t\t\t\t<\/div>\n\t\t\t<\/div>\n\t\t<\/div>\n\t<\/div>\n\t[\/vc_column][\/vc_row][vc_row css=&#8221;.vc_custom_1558960833515{padding-top: 60px !important;padding-bottom: 60px !important;}&#8221; tabletbbresponsive=&#8221;.bb_custom_1558960833516{padding-top:30px!important;padding-bottom:30px!important;}&#8221; mobilebbresponsive=&#8221;.bb_custom_1558960833516{padding-top:20px!important;padding-bottom:20px!important;}&#8221;][vc_column][vc_wp_text]<\/p>\n<h2 style=\"text-align: center;\">Tisztelt \u00e1ll\u00e1skeres\u0151 \u00e9rdekl\u0151d\u0151k!<\/h2>\n<h3 style=\"text-align: center;\"><strong>Jelenleg minden poz\u00edci\u00f3nkra direkt keres\u00e9ssel, \u00e1ll\u00e1shirdet\u00e9sek n\u00e9lk\u00fcl v\u00e9gezz\u00fck a toborz\u00e1st.<\/strong><\/h3>\n<p style=\"text-align: center;\">Amennyiben szeretn\u00e9 hozz\u00e1nk eljuttatni \u00f6n\u00e9letrajz\u00e1t, \u00fagy k\u00e9rj\u00fck, k\u00fcldje el a <a href=\"mailto:cv@aarenson.hu\">cv@aarenson.hu<\/a> e-mail c\u00edmre azt.<br \/>\n\u00c1ltal\u00e1nos \u00e1ll\u00e1skeres\u0151i \u00e9rdekl\u0151d\u00e9sben \u00e1llunk a rendelkez\u00e9s\u00e9re az <a href=\"mailto:info@aarenson.hu\">info@aarenson.hu<\/a> c\u00edmen.<\/p>\n<p style=\"text-align: center;\">Amennyiben telefonon besz\u00e9lne vel\u00fcnk, k\u00e9rhet visszah\u00edv\u00e1st a fenti e-mail c\u00edmeken!<\/p>\n<p>[\/vc_wp_text][vc_column_text css=&#8221;.vc_custom_1558707244086{margin-top: 0px !important;margin-right: 0px !important;margin-bottom: 0px !important;margin-left: 0px !important;padding-top: 0px !important;padding-right: 0px !important;padding-bottom: 0px !important;padding-left: 0px !important;}&#8221;]\t<div class=\"columns\">\n\t\t<div class=\"col col-4\">\n\t\t\t<h3 class=\"heading-3 orange\">Categories<\/h3>\n\t\t\t<ul class=\"link-list-block category-links\">\n\t\t\t\t<li class=\"link-list-element orange\"><a href=\"https:\/\/www.aarenson.hu\/en\/allaskeresoknek\/allasajanlataink\/\" class=\"link-list-link orange\">All job offers<span class=\"job-number\">0<\/span><\/a><\/li>\n\t\t\t\t\t\t<\/ul>\n\t\t<\/div>\n\t\t<div class=\"job-list-container\">\n\t\t\t<h3 class=\"heading-3 orange\">Minden \u00e1ll\u00e1saj\u00e1nlat<\/h3>\n\t\t\t\t\t<\/div>\n\t<\/div>\t\n\t[\/vc_column_text][\/vc_column][\/vc_row][vc_row full_width=&#8221;stretch_row_content_no_spaces&#8221;][vc_column]\t<section id=\"Home-quote\" class=\"section home-quote-section  orange\">\n\t\t<div class=\"container\">\n\t\t\t<div class=\"columns\">\n\t\t\t\t<div class=\"col col-3\">\n\t\t\t\t\t<img loading=\"lazy\" decoding=\"async\" width=\"283\" height=\"283\" src=\"https:\/\/www.aarenson.hu\/wp-content\/uploads\/2019\/08\/Tony_hero2-645x373-283x283.png\" class=\"quote-image wp-post-image\" alt=\"\" srcset=\"https:\/\/www.aarenson.hu\/wp-content\/uploads\/2019\/08\/Tony_hero2-645x373-283x283.png 283w, https:\/\/www.aarenson.hu\/wp-content\/uploads\/2019\/08\/Tony_hero2-645x373-150x150.png 150w, https:\/\/www.aarenson.hu\/wp-content\/uploads\/2019\/08\/Tony_hero2-645x373-120x120.png 120w\" sizes=\"auto, (max-width: 283px) 100vw, 283px\" \/>\t\t\t\t<\/div>\n\t\t\t\t<div class=\"col col-6 quote\">\n\t\t\t\t\t<blockquote class=\"block-quote\">\u201eA p\u00e9nz mindaddig \u00e9rt\u00e9ktelen, am\u00edg meg nem osztjuk a pozit\u00edv hat\u00e1sait mindazokkal, akiknek sz\u00edv\u00fcnk\u00f6n viselj\u00fck a sors\u00e1t.\u201d<\/blockquote>\n\t\t\t\t<div class=\"quote-small-text\">\n\t\t\t\t\t<p class=\"small-title white\">\u2014 Tony Robbins<br><\/p><a href=\"https:\/\/www.aarenson.hu\/en\/about\/aarenson-idezetek\/\" class=\"small-link\">Quotes from the world of work <span class=\"fa-small\">\uf105<\/span><\/a><\/div>\n\t\t\t\t<\/div>\n\t\t\t<\/div>\n\t\t<\/div>\n\t\t<div class=\"emblem-rotate\"><\/div>\n\t<\/section>\n\n\t[\/vc_column][\/vc_row]<\/p>\n","protected":false},"excerpt":{"rendered":"<p>[vc_row][vc_column][vc_column_text] [\/vc_column_text][\/vc_column][\/vc_row][vc_row full_width=&#8221;stretch_row_content_no_spaces&#8221;][vc_column][\/vc_column][\/vc_row][vc_row css=&#8221;.vc_custom_1558960833515{padding-top: 60px !important;padding-bottom: 60px !important;}&#8221; tabletbbresponsive=&#8221;.bb_custom_1558960833516{padding-top:30px!important;padding-bottom:30px!important;}&#8221; mobilebbresponsive=&#8221;.bb_custom_1558960833516{padding-top:20px!important;padding-bottom:20px!important;}&#8221;][vc_column][vc_wp_text] Tisztelt \u00e1ll\u00e1skeres\u0151 \u00e9rdekl\u0151d\u0151k! Jelenleg minden poz\u00edci\u00f3nkra direkt keres\u00e9ssel, \u00e1ll\u00e1shirdet\u00e9sek n\u00e9lk\u00fcl v\u00e9gezz\u00fck a toborz\u00e1st. Amennyiben szeretn\u00e9 hozz\u00e1nk eljuttatni \u00f6n\u00e9letrajz\u00e1t, \u00fagy k\u00e9rj\u00fck, k\u00fcldje el a cv@aarenson.hu e-mail c\u00edmre azt. \u00c1ltal\u00e1nos \u00e1ll\u00e1skeres\u0151i \u00e9rdekl\u0151d\u00e9sben \u00e1llunk a rendelkez\u00e9s\u00e9re az info@aarenson.hu c\u00edmen. Amennyiben telefonon besz\u00e9lne vel\u00fcnk, k\u00e9rhet visszah\u00edv\u00e1st a fenti e-mail [&hellip;]<\/p>\n","protected":false},"author":2,"featured_media":0,"parent":23,"menu_order":0,"comment_status":"closed","ping_status":"closed","template":"","meta":{"footnotes":""},"class_list":["post-25","page","type-page","status-publish","hentry"],"yoast_head":"<!-- This site is optimized with the Yoast SEO Premium plugin v26.7 (Yoast SEO v26.7) - https:\/\/yoast.com\/wordpress\/plugins\/seo\/ -->\n<title>\u00c1ll\u00e1saj\u00e1nlatok. Hogy a karrierje beinduljon! | Aarenson<\/title>\n<meta name=\"description\" content=\"\u00c1ll\u00e1saj\u00e1nlataink lehet\u0151s\u00e9get biztos\u00edtanak a karrier\u00e9p\u00edt\u00e9shez, a megfelel\u0151 munkahely megtal\u00e1l\u00e1s\u00e1hoz \u00e9s az \u00e9rv\u00e9nyes\u00fcl\u00e9shez sz\u00fcks\u00e9ges munkak\u00f6r bet\u00f6lt\u00e9s\u00e9hez .\" \/>\n<meta name=\"robots\" content=\"index, follow, max-snippet:-1, max-image-preview:large, max-video-preview:-1\" \/>\n<link rel=\"canonical\" href=\"https:\/\/www.aarenson.hu\/allaskeresoknek\/allasajanlataink\/\" \/>\n<meta property=\"og:locale\" content=\"en_US\" \/>\n<meta property=\"og:type\" content=\"article\" \/>\n<meta property=\"og:title\" content=\"\u00c1ll\u00e1saj\u00e1nlataink\" \/>\n<meta property=\"og:description\" content=\"\u00c1ll\u00e1saj\u00e1nlataink lehet\u0151s\u00e9get biztos\u00edtanak a karrier\u00e9p\u00edt\u00e9shez, a megfelel\u0151 munkahely megtal\u00e1l\u00e1s\u00e1hoz \u00e9s az \u00e9rv\u00e9nyes\u00fcl\u00e9shez sz\u00fcks\u00e9ges munkak\u00f6r bet\u00f6lt\u00e9s\u00e9hez .\" \/>\n<meta property=\"og:url\" content=\"https:\/\/www.aarenson.hu\/allaskeresoknek\/allasajanlataink\/\" \/>\n<meta property=\"og:site_name\" content=\"Aarenson\" \/>\n<meta property=\"article:publisher\" content=\"https:\/\/www.facebook.com\/aarenson.consulting\/\" \/>\n<meta property=\"article:modified_time\" content=\"2026-01-14T19:17:40+00:00\" \/>\n<meta name=\"twitter:card\" content=\"summary_large_image\" \/>\n<meta name=\"twitter:label1\" content=\"Est. reading time\" \/>\n\t<meta name=\"twitter:data1\" content=\"1 minute\" \/>\n<script type=\"application\/ld+json\" class=\"yoast-schema-graph\">{\"@context\":\"https:\/\/schema.org\",\"@graph\":[{\"@type\":\"WebPage\",\"@id\":\"https:\/\/www.aarenson.hu\/allaskeresoknek\/allasajanlataink\/\",\"url\":\"https:\/\/www.aarenson.hu\/allaskeresoknek\/allasajanlataink\/\",\"name\":\"[:hu]\u00c1ll\u00e1saj\u00e1nlatok. Hogy a karrierje beinduljon! | Aarenson [:en]\u00c1ll\u00e1saj\u00e1nlatok. Hogy a karrierje beinduljon! | Aarenson[:]\",\"isPartOf\":{\"@id\":\"https:\/\/www.aarenson.hu\/#website\"},\"datePublished\":\"2019-05-14T10:09:30+00:00\",\"dateModified\":\"2026-01-14T19:17:40+00:00\",\"description\":\"\u00c1ll\u00e1saj\u00e1nlataink lehet\u0151s\u00e9get biztos\u00edtanak a karrier\u00e9p\u00edt\u00e9shez, a megfelel\u0151 munkahely megtal\u00e1l\u00e1s\u00e1hoz \u00e9s az \u00e9rv\u00e9nyes\u00fcl\u00e9shez sz\u00fcks\u00e9ges munkak\u00f6r bet\u00f6lt\u00e9s\u00e9hez .\",\"breadcrumb\":{\"@id\":\"https:\/\/www.aarenson.hu\/allaskeresoknek\/allasajanlataink\/#breadcrumb\"},\"inLanguage\":\"en-US\",\"potentialAction\":[{\"@type\":\"ReadAction\",\"target\":[\"https:\/\/www.aarenson.hu\/allaskeresoknek\/allasajanlataink\/\"]}]},{\"@type\":\"BreadcrumbList\",\"@id\":\"https:\/\/www.aarenson.hu\/allaskeresoknek\/allasajanlataink\/#breadcrumb\",\"itemListElement\":[{\"@type\":\"ListItem\",\"position\":1,\"name\":\"Home\",\"item\":\"https:\/\/www.aarenson.hu\/\"},{\"@type\":\"ListItem\",\"position\":2,\"name\":\"\u00c1ll\u00e1skeres\u0151knek\",\"item\":\"https:\/\/www.aarenson.hu\/allaskeresoknek\/\"},{\"@type\":\"ListItem\",\"position\":3,\"name\":\"\u00c1ll\u00e1saj\u00e1nlataink\"}]},{\"@type\":\"WebSite\",\"@id\":\"https:\/\/www.aarenson.hu\/#website\",\"url\":\"https:\/\/www.aarenson.hu\/\",\"name\":\"Aarenson\",\"description\":\"\",\"potentialAction\":[{\"@type\":\"SearchAction\",\"target\":{\"@type\":\"EntryPoint\",\"urlTemplate\":\"https:\/\/www.aarenson.hu\/?s={search_term_string}\"},\"query-input\":{\"@type\":\"PropertyValueSpecification\",\"valueRequired\":true,\"valueName\":\"search_term_string\"}}],\"inLanguage\":\"en-US\"}]}<\/script>\n<!-- \/ Yoast SEO Premium plugin. -->","yoast_head_json":{"title":"\u00c1ll\u00e1saj\u00e1nlatok. Hogy a karrierje beinduljon! | Aarenson","description":"\u00c1ll\u00e1saj\u00e1nlataink lehet\u0151s\u00e9get biztos\u00edtanak a karrier\u00e9p\u00edt\u00e9shez, a megfelel\u0151 munkahely megtal\u00e1l\u00e1s\u00e1hoz \u00e9s az \u00e9rv\u00e9nyes\u00fcl\u00e9shez sz\u00fcks\u00e9ges munkak\u00f6r bet\u00f6lt\u00e9s\u00e9hez .","robots":{"index":"index","follow":"follow","max-snippet":"max-snippet:-1","max-image-preview":"max-image-preview:large","max-video-preview":"max-video-preview:-1"},"canonical":"https:\/\/www.aarenson.hu\/allaskeresoknek\/allasajanlataink\/","og_locale":"en_US","og_type":"article","og_title":"\u00c1ll\u00e1saj\u00e1nlataink","og_description":"\u00c1ll\u00e1saj\u00e1nlataink lehet\u0151s\u00e9get biztos\u00edtanak a karrier\u00e9p\u00edt\u00e9shez, a megfelel\u0151 munkahely megtal\u00e1l\u00e1s\u00e1hoz \u00e9s az \u00e9rv\u00e9nyes\u00fcl\u00e9shez sz\u00fcks\u00e9ges munkak\u00f6r bet\u00f6lt\u00e9s\u00e9hez .","og_url":"https:\/\/www.aarenson.hu\/allaskeresoknek\/allasajanlataink\/","og_site_name":"Aarenson","article_publisher":"https:\/\/www.facebook.com\/aarenson.consulting\/","article_modified_time":"2026-01-14T19:17:40+00:00","twitter_card":"summary_large_image","twitter_misc":{"Est. reading time":"1 minute"},"schema":{"@context":"https:\/\/schema.org","@graph":[{"@type":"WebPage","@id":"https:\/\/www.aarenson.hu\/allaskeresoknek\/allasajanlataink\/","url":"https:\/\/www.aarenson.hu\/allaskeresoknek\/allasajanlataink\/","name":"[:hu]\u00c1ll\u00e1saj\u00e1nlatok. Hogy a karrierje beinduljon! | Aarenson [:en]\u00c1ll\u00e1saj\u00e1nlatok. Hogy a karrierje beinduljon! | Aarenson[:]","isPartOf":{"@id":"https:\/\/www.aarenson.hu\/#website"},"datePublished":"2019-05-14T10:09:30+00:00","dateModified":"2026-01-14T19:17:40+00:00","description":"\u00c1ll\u00e1saj\u00e1nlataink lehet\u0151s\u00e9get biztos\u00edtanak a karrier\u00e9p\u00edt\u00e9shez, a megfelel\u0151 munkahely megtal\u00e1l\u00e1s\u00e1hoz \u00e9s az \u00e9rv\u00e9nyes\u00fcl\u00e9shez sz\u00fcks\u00e9ges munkak\u00f6r bet\u00f6lt\u00e9s\u00e9hez .","breadcrumb":{"@id":"https:\/\/www.aarenson.hu\/allaskeresoknek\/allasajanlataink\/#breadcrumb"},"inLanguage":"en-US","potentialAction":[{"@type":"ReadAction","target":["https:\/\/www.aarenson.hu\/allaskeresoknek\/allasajanlataink\/"]}]},{"@type":"BreadcrumbList","@id":"https:\/\/www.aarenson.hu\/allaskeresoknek\/allasajanlataink\/#breadcrumb","itemListElement":[{"@type":"ListItem","position":1,"name":"Home","item":"https:\/\/www.aarenson.hu\/"},{"@type":"ListItem","position":2,"name":"\u00c1ll\u00e1skeres\u0151knek","item":"https:\/\/www.aarenson.hu\/allaskeresoknek\/"},{"@type":"ListItem","position":3,"name":"\u00c1ll\u00e1saj\u00e1nlataink"}]},{"@type":"WebSite","@id":"https:\/\/www.aarenson.hu\/#website","url":"https:\/\/www.aarenson.hu\/","name":"Aarenson","description":"","potentialAction":[{"@type":"SearchAction","target":{"@type":"EntryPoint","urlTemplate":"https:\/\/www.aarenson.hu\/?s={search_term_string}"},"query-input":{"@type":"PropertyValueSpecification","valueRequired":true,"valueName":"search_term_string"}}],"inLanguage":"en-US"}]}},"_links":{"self":[{"href":"https:\/\/www.aarenson.hu\/en\/wp-json\/wp\/v2\/pages\/25","targetHints":{"allow":["GET"]}}],"collection":[{"href":"https:\/\/www.aarenson.hu\/en\/wp-json\/wp\/v2\/pages"}],"about":[{"href":"https:\/\/www.aarenson.hu\/en\/wp-json\/wp\/v2\/types\/page"}],"author":[{"embeddable":true,"href":"https:\/\/www.aarenson.hu\/en\/wp-json\/wp\/v2\/users\/2"}],"replies":[{"embeddable":true,"href":"https:\/\/www.aarenson.hu\/en\/wp-json\/wp\/v2\/comments?post=25"}],"version-history":[{"count":13,"href":"https:\/\/www.aarenson.hu\/en\/wp-json\/wp\/v2\/pages\/25\/revisions"}],"predecessor-version":[{"id":2857,"href":"https:\/\/www.aarenson.hu\/en\/wp-json\/wp\/v2\/pages\/25\/revisions\/2857"}],"up":[{"embeddable":true,"href":"https:\/\/www.aarenson.hu\/en\/wp-json\/wp\/v2\/pages\/23"}],"wp:attachment":[{"href":"https:\/\/www.aarenson.hu\/en\/wp-json\/wp\/v2\/media?parent=25"}],"curies":[{"name":"wp","href":"https:\/\/api.w.org\/{rel}","templated":true}]}}