{"id":35,"date":"2019-05-14T12:10:43","date_gmt":"2019-05-14T10:10:43","guid":{"rendered":"http:\/\/www.aarenson.hu\/?page_id=35"},"modified":"2025-04-02T22:26:25","modified_gmt":"2025-04-02T20:26:25","slug":"araink","status":"publish","type":"page","link":"https:\/\/www.aarenson.hu\/en\/about\/our-prices\/","title":{"rendered":"Our prices"},"content":{"rendered":"<p>[vc_row full_width=&#8221;stretch_row_content_no_spaces&#8221;][vc_column]\t<div class=\"section subpage-hero-section \">\n\t\t<div class=\"container\">\n\t\t\t<div class=\"columns\">\n\t\t\t\t<div class=\"col col-12 center\">\n\t\t\t\t\t<h1 class=\"hero-heading-1\">Our prices<\/h1>\n\t\t\t\t\t<p class=\"small-title \">About<\/p>\n\t\t\t\t<\/div>\n\t\t\t<\/div>\n\t\t<\/div>\n\t<\/div>\n\t[\/vc_column][\/vc_row][vc_row css=&#8221;.vc_custom_1559215171625{padding-top: 30px !important;padding-right: 15px !important;padding-bottom: 30px !important;padding-left: 15px !important;}&#8221; tabletbbresponsive=&#8221;.bb_custom_1559215171626{padding-top:30px!important;padding-right:5px!important;padding-bottom:30px!important;padding-left:5px!important;}&#8221; mobilebbresponsive=&#8221;.bb_custom_1559215171627{padding-top:20px!important;padding-right:0px!important;padding-bottom:20px!important;padding-left:0px!important;}&#8221;][vc_column css=&#8221;.vc_custom_1557994284586{padding-right: 15px !important;padding-left: 15px !important;}&#8221;][vc_column_text]<\/p>\n<h2>Our fees depend primarily on the particular solution that seems the most effective for our client.<\/h2>\n<p>[\/vc_column_text][\/vc_column][\/vc_row][vc_row css=&#8221;.vc_custom_1559052148117{padding-top: 30px !important;padding-right: 15px !important;padding-bottom: 60px !important;padding-left: 15px !important;}&#8221; tabletbbresponsive=&#8221;.bb_custom_1559052148118{padding-top:30px!important;padding-right:5px!important;padding-bottom:30px!important;padding-left:5px!important;}&#8221; mobilebbresponsive=&#8221;.bb_custom_1559052148118{padding-top:20px!important;padding-right:0px!important;padding-bottom:20px!important;padding-left:0px!important;}&#8221;][vc_column width=&#8221;1\/2&#8243; css=&#8221;.vc_custom_1557994284586{padding-right: 15px !important;padding-left: 15px !important;}&#8221;][vc_column_text]<\/p>\n<h3>We recommend our reasonably priced, yet very effective job placement services if:<\/h3>\n<ul>\n<li>the position to be filled is not particularly special,<\/li>\n<li>the client has the infrastructure required to select, and interview the applicants.<\/li>\n<li>the objective is to build an employee database<\/li>\n<li>the client wishes to pay not per candidate, but per job offer because they need more than one new staff member.<\/li>\n<\/ul>\n<p>The service is available from 149,000 HUF + VAT.<\/p>\n<p><a href=\"\/munkaltatoknak\/munkaero-kozvetites\/\">Detailed description of the job placement\u00a0\u00bb<\/a>[\/vc_column_text][\/vc_column][vc_column width=&#8221;1\/2&#8243;][vc_column_text]<\/p>\n<h3>We recommend our headhunting services if the client is in any of the following situations:<\/h3>\n<ul>\n<li>he has a vacancy requiring a graduate professional with foreign language skills or having some specialist knowledge,<\/li>\n<li>he needs suitable candidates of a shortage profession.<\/li>\n<li>he needs having our experts complete the selection, the pre-screening, and the interviewing for you<\/li>\n<\/ul>\n<ul>\n<li>he wishes to meet only the suitable candidates willing to accept your offer.<\/li>\n<li>he wishes to take advantage of the safety of the double guarantee.<\/li>\n<\/ul>\n<h4>WE PROVIDE OUR HEADHUNTING SERVICES FOR A SUCCESS FEE IN ANY OF THE FOLLOWING ARRANGEMENTS:<\/h4>\n<ul>\n<li>Percentage based success fee equaling 15-20% of the annual gross wages of our hired candidate,<\/li>\n<li>A fixed, previously agreed success fee is also possible,<\/li>\n<li>2-2.5 times the hired candidate\u2019s monthly gross wages.<\/li>\n<\/ul>\n<p>All success fee arrangements have one feature in common: they are payable only as soon as the candidate we bring spends his or her first day on our client\u2019s payroll.<\/p>\n<p><a href=\"\/munkaltatoknak\/fejvadaszat\/\">Detailed description of the headhunting process\u00a0\u00bb<\/a><\/p>\n<p>Do you have a question?<\/p>\n<p>[\/vc_column_text]\n\t<div class=\"button-container \">\n\t\t<a href=\"#Contact\" class=\"button w-button  big\" title=\"\"  \">Ask for a quote<span class=\"fa-small\"><\/span><\/a>\n\t<\/div>\n\n\t[\/vc_column][\/vc_row][vc_row full_width=&#8221;stretch_row&#8221; el_class=&#8221;lightgray&#8221; css=&#8221;.vc_custom_1559214284039{padding-top: 60px !important;padding-bottom: 30px !important;}&#8221; tabletbbresponsive=&#8221;.bb_custom_1559214284040{padding-top:30px!important;padding-bottom:30px!important;}&#8221; el_id=&#8221;Contact&#8221;][vc_column][vc_row_inner][vc_column_inner width=&#8221;1\/4&#8243;][\/vc_column_inner][vc_column_inner width=&#8221;1\/2&#8243;][vc_custom_heading text=&#8221;Ask for a quote to find the ideal employee!&#8221; font_container=&#8221;tag:h2|text_align:center&#8221; use_theme_fonts=&#8221;yes&#8221;][vc_column_text]Our colleague will contact you without delay, answer your questions, and work out a personalised solution for your company.<\/p>\n<p>Important note: requesting a quote does not imply any obligation for you.[\/vc_column_text]\n<div class=\"wpcf7 no-js\" id=\"wpcf7-f2100-o2\" lang=\"hu-HU\" dir=\"ltr\" data-wpcf7-id=\"2100\">\n<div class=\"screen-reader-response\"><p role=\"status\" aria-live=\"polite\" aria-atomic=\"true\"><\/p> <ul><\/ul><\/div>\n<form action=\"\/en\/wp-json\/wp\/v2\/pages\/35#wpcf7-f2100-o2\" method=\"post\" class=\"wpcf7-form init\" aria-label=\"Contact form\" novalidate=\"novalidate\" data-status=\"init\">\n<fieldset class=\"hidden-fields-container\"><input type=\"hidden\" name=\"_wpcf7\" value=\"2100\" \/><input type=\"hidden\" name=\"_wpcf7_version\" value=\"6.1.4\" \/><input type=\"hidden\" name=\"_wpcf7_locale\" value=\"hu_HU\" \/><input type=\"hidden\" name=\"_wpcf7_unit_tag\" value=\"wpcf7-f2100-o2\" \/><input type=\"hidden\" name=\"_wpcf7_container_post\" value=\"0\" \/><input type=\"hidden\" name=\"_wpcf7_posted_data_hash\" value=\"\" \/><input type=\"hidden\" name=\"_wpcf7_recaptcha_response\" value=\"\" \/>\n<\/fieldset>\n<div class=\"w-form aa-form\">\n\t<p><label for=\"mk-name\" class=\"fieldlabel\">Name<\/label><span class=\"wpcf7-form-control-wrap\" data-name=\"mk-name\"><input size=\"40\" maxlength=\"400\" class=\"wpcf7-form-control wpcf7-text wpcf7-validates-as-required textfield w-input\" aria-required=\"true\" aria-invalid=\"false\" value=\"\" type=\"text\" name=\"mk-name\" \/><\/span><label for=\"mk-email\" class=\"fieldlabel\">Email address<\/label><span class=\"wpcf7-form-control-wrap\" data-name=\"mk-email\"><input size=\"40\" maxlength=\"400\" class=\"wpcf7-form-control wpcf7-email wpcf7-validates-as-required wpcf7-text wpcf7-validates-as-email textfield w-input\" aria-required=\"true\" aria-invalid=\"false\" value=\"\" type=\"email\" name=\"mk-email\" \/><\/span><label for=\"mk-tel\" class=\"fieldlabel\">Phone number<\/label><span class=\"wpcf7-form-control-wrap\" data-name=\"mk-tel\"><input size=\"40\" maxlength=\"400\" class=\"wpcf7-form-control wpcf7-tel wpcf7-validates-as-required wpcf7-text wpcf7-validates-as-tel textfield w-input\" aria-required=\"true\" aria-invalid=\"false\" placeholder=\"+36\" value=\"\" type=\"tel\" name=\"mk-tel\" \/><\/span><label for=\"mk-message\" class=\"fieldlabel\">Text<\/label><span class=\"wpcf7-form-control-wrap\" data-name=\"mk-message\"><textarea cols=\"40\" rows=\"10\" maxlength=\"2000\" class=\"wpcf7-form-control wpcf7-textarea textarea w-input\" aria-invalid=\"false\" placeholder=\"\" name=\"mk-message\"><\/textarea><\/span>\n\t<\/p>\n\t<div class=\"aa-submit-container\">\n\t\t<p><input class=\"wpcf7-form-control wpcf7-submit has-spinner button w-button\" type=\"submit\" value=\"Ask for a quote\" \/>\n\t\t<\/p>\n\t<\/div>\n<\/div><p style=\"display: none !important;\" class=\"akismet-fields-container\" data-prefix=\"_wpcf7_ak_\"><label>&#916;<textarea name=\"_wpcf7_ak_hp_textarea\" cols=\"45\" rows=\"8\" maxlength=\"100\"><\/textarea><\/label><input type=\"hidden\" id=\"ak_js_2\" name=\"_wpcf7_ak_js\" value=\"208\"\/><script>document.getElementById( \"ak_js_2\" ).setAttribute( \"value\", ( new Date() ).getTime() );<\/script><\/p><div class=\"wpcf7-response-output\" aria-hidden=\"true\"><\/div>\n<\/form>\n<\/div>\n[\/vc_column_inner][vc_column_inner width=&#8221;1\/4&#8243;][\/vc_column_inner][\/vc_row_inner][\/vc_column][\/vc_row]<\/p>","protected":false},"excerpt":{"rendered":"<p>[vc_row full_width=&#8221;stretch_row_content_no_spaces&#8221;][vc_column][\/vc_column][\/vc_row][vc_row css=&#8221;.vc_custom_1559215171625{padding-top: 30px !important;padding-right: 15px !important;padding-bottom: 30px !important;padding-left: 15px !important;}&#8221; tabletbbresponsive=&#8221;.bb_custom_1559215171626{padding-top:30px!important;padding-right:5px!important;padding-bottom:30px!important;padding-left:5px!important;}&#8221; mobilebbresponsive=&#8221;.bb_custom_1559215171627{padding-top:20px!important;padding-right:0px!important;padding-bottom:20px!important;padding-left:0px!important;}&#8221;][vc_column css=&#8221;.vc_custom_1557994284586{padding-right: 15px !important;padding-left: 15px !important;}&#8221;][vc_column_text] Our fees depend primarily on the particular solution that seems the most effective for our client. [\/vc_column_text][\/vc_column][\/vc_row][vc_row css=&#8221;.vc_custom_1559052148117{padding-top: 30px !important;padding-right: 15px !important;padding-bottom: 60px !important;padding-left: 15px !important;}&#8221; tabletbbresponsive=&#8221;.bb_custom_1559052148118{padding-top:30px!important;padding-right:5px!important;padding-bottom:30px!important;padding-left:5px!important;}&#8221; mobilebbresponsive=&#8221;.bb_custom_1559052148118{padding-top:20px!important;padding-right:0px!important;padding-bottom:20px!important;padding-left:0px!important;}&#8221;][vc_column width=&#8221;1\/2&#8243; css=&#8221;.vc_custom_1557994284586{padding-right: 15px !important;padding-left: 15px !important;}&#8221;][vc_column_text] We recommend our [&hellip;]<\/p>\n","protected":false},"author":2,"featured_media":0,"parent":29,"menu_order":0,"comment_status":"closed","ping_status":"closed","template":"","meta":{"footnotes":""},"class_list":["post-35","page","type-page","status-publish","hentry"],"yoast_head":"<!-- This site is optimized with the Yoast SEO Premium plugin v26.7 (Yoast SEO v26.7) - https:\/\/yoast.com\/wordpress\/plugins\/seo\/ -->\n<title>Our prices | Aarenson<\/title>\n<meta name=\"description\" content=\"Szolg\u00e1ltat\u00e1si d\u00edjunkat az hat\u00e1rozza meg, hogy melyik megold\u00e1sunk a c\u00e9lravezet\u0151 a megrendel\u0151 sz\u00e1m\u00e1ra. K\u00f6lts\u00e9gtakar\u00e9kos, m\u00e9gis hat\u00e9kony megold\u00e1st ny\u00fajtunk.\" \/>\n<meta name=\"robots\" content=\"index, follow, max-snippet:-1, max-image-preview:large, max-video-preview:-1\" \/>\n<link rel=\"canonical\" href=\"https:\/\/www.aarenson.hu\/rolunk\/araink\/\" \/>\n<meta property=\"og:locale\" content=\"en_US\" \/>\n<meta property=\"og:type\" content=\"article\" \/>\n<meta property=\"og:title\" content=\"Our prices\" \/>\n<meta property=\"og:description\" content=\"Szolg\u00e1ltat\u00e1si d\u00edjunkat az hat\u00e1rozza meg, hogy melyik megold\u00e1sunk a c\u00e9lravezet\u0151 a megrendel\u0151 sz\u00e1m\u00e1ra. K\u00f6lts\u00e9gtakar\u00e9kos, m\u00e9gis hat\u00e9kony megold\u00e1st ny\u00fajtunk.\" \/>\n<meta property=\"og:url\" content=\"https:\/\/www.aarenson.hu\/rolunk\/araink\/\" \/>\n<meta property=\"og:site_name\" content=\"Aarenson\" \/>\n<meta property=\"article:publisher\" content=\"https:\/\/www.facebook.com\/aarenson.consulting\/\" \/>\n<meta property=\"article:modified_time\" content=\"2025-04-02T20:26:25+00:00\" \/>\n<meta name=\"twitter:card\" content=\"summary_large_image\" \/>\n<meta name=\"twitter:label1\" content=\"Est. reading time\" \/>\n\t<meta name=\"twitter:data1\" content=\"2 minutes\" \/>\n<script type=\"application\/ld+json\" class=\"yoast-schema-graph\">{\"@context\":\"https:\/\/schema.org\",\"@graph\":[{\"@type\":\"WebPage\",\"@id\":\"https:\/\/www.aarenson.hu\/rolunk\/araink\/\",\"url\":\"https:\/\/www.aarenson.hu\/rolunk\/araink\/\",\"name\":\"Our prices | Aarenson\",\"isPartOf\":{\"@id\":\"https:\/\/www.aarenson.hu\/#website\"},\"datePublished\":\"2019-05-14T10:10:43+00:00\",\"dateModified\":\"2025-04-02T20:26:25+00:00\",\"description\":\"Szolg\u00e1ltat\u00e1si d\u00edjunkat az hat\u00e1rozza meg, hogy melyik megold\u00e1sunk a c\u00e9lravezet\u0151 a megrendel\u0151 sz\u00e1m\u00e1ra. K\u00f6lts\u00e9gtakar\u00e9kos, m\u00e9gis hat\u00e9kony megold\u00e1st ny\u00fajtunk.\",\"breadcrumb\":{\"@id\":\"https:\/\/www.aarenson.hu\/rolunk\/araink\/#breadcrumb\"},\"inLanguage\":\"en-US\",\"potentialAction\":[{\"@type\":\"ReadAction\",\"target\":[\"https:\/\/www.aarenson.hu\/rolunk\/araink\/\"]}]},{\"@type\":\"BreadcrumbList\",\"@id\":\"https:\/\/www.aarenson.hu\/rolunk\/araink\/#breadcrumb\",\"itemListElement\":[{\"@type\":\"ListItem\",\"position\":1,\"name\":\"Home\",\"item\":\"https:\/\/www.aarenson.hu\/\"},{\"@type\":\"ListItem\",\"position\":2,\"name\":\"R\u00f3lunk\",\"item\":\"https:\/\/www.aarenson.hu\/rolunk\/\"},{\"@type\":\"ListItem\",\"position\":3,\"name\":\"\u00c1raink\"}]},{\"@type\":\"WebSite\",\"@id\":\"https:\/\/www.aarenson.hu\/#website\",\"url\":\"https:\/\/www.aarenson.hu\/\",\"name\":\"Aarenson\",\"description\":\"\",\"potentialAction\":[{\"@type\":\"SearchAction\",\"target\":{\"@type\":\"EntryPoint\",\"urlTemplate\":\"https:\/\/www.aarenson.hu\/?s={search_term_string}\"},\"query-input\":{\"@type\":\"PropertyValueSpecification\",\"valueRequired\":true,\"valueName\":\"search_term_string\"}}],\"inLanguage\":\"en-US\"}]}<\/script>\n<!-- \/ Yoast SEO Premium plugin. -->","yoast_head_json":{"title":"Our prices | Aarenson","description":"Szolg\u00e1ltat\u00e1si d\u00edjunkat az hat\u00e1rozza meg, hogy melyik megold\u00e1sunk a c\u00e9lravezet\u0151 a megrendel\u0151 sz\u00e1m\u00e1ra. K\u00f6lts\u00e9gtakar\u00e9kos, m\u00e9gis hat\u00e9kony megold\u00e1st ny\u00fajtunk.","robots":{"index":"index","follow":"follow","max-snippet":"max-snippet:-1","max-image-preview":"max-image-preview:large","max-video-preview":"max-video-preview:-1"},"canonical":"https:\/\/www.aarenson.hu\/rolunk\/araink\/","og_locale":"en_US","og_type":"article","og_title":"Our prices","og_description":"Szolg\u00e1ltat\u00e1si d\u00edjunkat az hat\u00e1rozza meg, hogy melyik megold\u00e1sunk a c\u00e9lravezet\u0151 a megrendel\u0151 sz\u00e1m\u00e1ra. K\u00f6lts\u00e9gtakar\u00e9kos, m\u00e9gis hat\u00e9kony megold\u00e1st ny\u00fajtunk.","og_url":"https:\/\/www.aarenson.hu\/rolunk\/araink\/","og_site_name":"Aarenson","article_publisher":"https:\/\/www.facebook.com\/aarenson.consulting\/","article_modified_time":"2025-04-02T20:26:25+00:00","twitter_card":"summary_large_image","twitter_misc":{"Est. reading time":"2 minutes"},"schema":{"@context":"https:\/\/schema.org","@graph":[{"@type":"WebPage","@id":"https:\/\/www.aarenson.hu\/rolunk\/araink\/","url":"https:\/\/www.aarenson.hu\/rolunk\/araink\/","name":"Our prices | Aarenson","isPartOf":{"@id":"https:\/\/www.aarenson.hu\/#website"},"datePublished":"2019-05-14T10:10:43+00:00","dateModified":"2025-04-02T20:26:25+00:00","description":"Szolg\u00e1ltat\u00e1si d\u00edjunkat az hat\u00e1rozza meg, hogy melyik megold\u00e1sunk a c\u00e9lravezet\u0151 a megrendel\u0151 sz\u00e1m\u00e1ra. K\u00f6lts\u00e9gtakar\u00e9kos, m\u00e9gis hat\u00e9kony megold\u00e1st ny\u00fajtunk.","breadcrumb":{"@id":"https:\/\/www.aarenson.hu\/rolunk\/araink\/#breadcrumb"},"inLanguage":"en-US","potentialAction":[{"@type":"ReadAction","target":["https:\/\/www.aarenson.hu\/rolunk\/araink\/"]}]},{"@type":"BreadcrumbList","@id":"https:\/\/www.aarenson.hu\/rolunk\/araink\/#breadcrumb","itemListElement":[{"@type":"ListItem","position":1,"name":"Home","item":"https:\/\/www.aarenson.hu\/"},{"@type":"ListItem","position":2,"name":"R\u00f3lunk","item":"https:\/\/www.aarenson.hu\/rolunk\/"},{"@type":"ListItem","position":3,"name":"\u00c1raink"}]},{"@type":"WebSite","@id":"https:\/\/www.aarenson.hu\/#website","url":"https:\/\/www.aarenson.hu\/","name":"Aarenson","description":"","potentialAction":[{"@type":"SearchAction","target":{"@type":"EntryPoint","urlTemplate":"https:\/\/www.aarenson.hu\/?s={search_term_string}"},"query-input":{"@type":"PropertyValueSpecification","valueRequired":true,"valueName":"search_term_string"}}],"inLanguage":"en-US"}]}},"_links":{"self":[{"href":"https:\/\/www.aarenson.hu\/en\/wp-json\/wp\/v2\/pages\/35","targetHints":{"allow":["GET"]}}],"collection":[{"href":"https:\/\/www.aarenson.hu\/en\/wp-json\/wp\/v2\/pages"}],"about":[{"href":"https:\/\/www.aarenson.hu\/en\/wp-json\/wp\/v2\/types\/page"}],"author":[{"embeddable":true,"href":"https:\/\/www.aarenson.hu\/en\/wp-json\/wp\/v2\/users\/2"}],"replies":[{"embeddable":true,"href":"https:\/\/www.aarenson.hu\/en\/wp-json\/wp\/v2\/comments?post=35"}],"version-history":[{"count":5,"href":"https:\/\/www.aarenson.hu\/en\/wp-json\/wp\/v2\/pages\/35\/revisions"}],"predecessor-version":[{"id":2802,"href":"https:\/\/www.aarenson.hu\/en\/wp-json\/wp\/v2\/pages\/35\/revisions\/2802"}],"up":[{"embeddable":true,"href":"https:\/\/www.aarenson.hu\/en\/wp-json\/wp\/v2\/pages\/29"}],"wp:attachment":[{"href":"https:\/\/www.aarenson.hu\/en\/wp-json\/wp\/v2\/media?parent=35"}],"curies":[{"name":"wp","href":"https:\/\/api.w.org\/{rel}","templated":true}]}}