{"id":37,"date":"2019-05-14T12:10:51","date_gmt":"2019-05-14T10:10:51","guid":{"rendered":"http:\/\/www.aarenson.hu\/?page_id=37"},"modified":"2025-04-02T22:28:23","modified_gmt":"2025-04-02T20:28:23","slug":"garancia","status":"publish","type":"page","link":"https:\/\/www.aarenson.hu\/en\/about\/guarantee\/","title":{"rendered":"Guarantee"},"content":{"rendered":"<p>[vc_row full_width=&#8221;stretch_row_content_no_spaces&#8221;][vc_column]\t<div class=\"section subpage-hero-section \">\n\t\t<div class=\"container\">\n\t\t\t<div class=\"columns\">\n\t\t\t\t<div class=\"col col-12 center\">\n\t\t\t\t\t<h1 class=\"hero-heading-1\">Guarantee<\/h1>\n\t\t\t\t\t<p class=\"small-title turquose\">GARANCI\u00c1T V\u00c1LLALUNK @ AARENSON.<\/p>\n\t\t\t\t<\/div>\n\t\t\t<\/div>\n\t\t<\/div>\n\t<\/div>\n\t[\/vc_column][\/vc_row][vc_section full_width=&#8221;stretch_row&#8221; css=&#8221;.vc_custom_1571989384667{padding-top: 0px !important;padding-bottom: 0px !important;background-image: url(https:\/\/www.aarenson.hu\/wp-content\/uploads\/2019\/05\/garancia-bg.jpg?id=1892) !important;background-position: center !important;background-repeat: no-repeat !important;background-size: cover !important;}&#8221;][vc_row css=&#8221;.vc_custom_1559214126631{padding-top: 60px !important;padding-right: 15px !important;padding-bottom: 60px !important;padding-left: 15px !important;}&#8221; el_class=&#8221;white-text&#8221; tabletbbresponsive=&#8221;.bb_custom_1559214126632{padding-top:30px!important;padding-right:5px!important;padding-bottom:30px!important;padding-left:5px!important;}&#8221; mobilebbresponsive=&#8221;.bb_custom_1559214126633{padding-top:30px!important;padding-right:0px!important;padding-bottom:30px!important;padding-left:0px!important;}&#8221;][vc_column width=&#8221;1\/2&#8243;]\t<div class=\"big-text  \">\n\t\tAarenson Consulting provides its headhunting services based on a double guarantee.<\/p>\n<p>We guarantee that we only invoice our client for our services if a work contract is concluded with any of our candidates.<\/p>\n<p>There are no costs for unsuccessful recruitment!\t<\/div>\n\t[\/vc_column][vc_column width=&#8221;1\/2&#8243; offset=&#8221;vc_hidden-xs&#8221;][\/vc_column][\/vc_row][\/vc_section][vc_row equal_height=&#8221;yes&#8221; css=&#8221;.vc_custom_1558959180736{padding-top: 60px !important;padding-right: 15px !important;padding-bottom: 60px !important;padding-left: 15px !important;}&#8221; smallbbresponsive=&#8221;.bb_custom_1558514455707{padding-top:10px!important;padding-right:10px!important;padding-bottom:10px!important;padding-left:10px!important;}&#8221; mediumbbresponsive=&#8221;.bb_custom_1558514455707{padding-top:15px!important;padding-right:15px!important;padding-bottom:15px!important;padding-left:15px!important;}&#8221; largebbresponsive=&#8221;.bb_custom_1558514455708{padding-top:60px!important;padding-right:45px!important;padding-bottom:60px!important;padding-left:45px!important;}&#8221; tabletbbresponsive=&#8221;.bb_custom_1558959180737{padding-top:30px!important;padding-right:5px!important;padding-bottom:30px!important;padding-left:5px!important;}&#8221; mobilebbresponsive=&#8221;.bb_custom_1558959180737{padding-top:20px!important;padding-right:0px!important;padding-bottom:20px!important;padding-left:0px!important;}&#8221;][vc_column width=&#8221;1\/2&#8243; smallbbresponsive=&#8221;.bb_custom_1558514389801{padding-top:10px!important;padding-right:10px!important;padding-bottom:10px!important;padding-left:10px!important;}&#8221; mediumbbresponsive=&#8221;.bb_custom_1558514389802{padding-top:15px!important;padding-right:15px!important;padding-bottom:15px!important;padding-left:15px!important;}&#8221; largebbresponsive=&#8221;.bb_custom_1558514389802{padding-top:0px!important;padding-right:15px!important;padding-bottom:0px!important;padding-left:15px!important;}&#8221; mobilebbresponsive=&#8221;.bb_custom_1558959190588{padding-bottom:20px!important;}&#8221;][vc_column_text css=&#8221;.vc_custom_1568899554453{margin-bottom: 20px !important;}&#8221;]We assume replacement guarantee for delivered orders. If the candidate gives notice within 3-6 months following signing the work contract or fails to perform the employer\u2019s expectations so that his work contract is terminated as a result, we agree to run a second search free of charge.[\/vc_column_text][\/vc_column][vc_column width=&#8221;1\/2&#8243; smallbbresponsive=&#8221;.bb_custom_1558514564641{padding-top:10px!important;padding-right:10px!important;padding-bottom:10px!important;padding-left:10px!important;}&#8221; mediumbbresponsive=&#8221;.bb_custom_1558514564642{padding-top:15px!important;padding-right:15px!important;padding-bottom:15px!important;padding-left:15px!important;}&#8221; largebbresponsive=&#8221;.bb_custom_1558514564642{padding-top:0px!important;padding-right:15px!important;padding-bottom:0px!important;padding-left:15px!important;}&#8221;][vc_column_text css=&#8221;.vc_custom_1568899593246{margin-bottom: 20px !important;}&#8221;]We always establish the exact terms of our guarantee in our contracts.<br \/>\nAre you interested in our services?[\/vc_column_text]\n\t<div class=\"button-container \">\n\t\t<a href=\"#Contact\" class=\"button w-button blue big\" title=\"\"  \">Ask for a quote!<span class=\"fa-small\"><\/span><\/a>\n\t<\/div>\n\n\t[\/vc_column][\/vc_row][vc_row full_width=&#8221;stretch_row&#8221; css=&#8221;.vc_custom_1559214215381{padding-top: 60px !important;padding-bottom: 30px !important;background-color: #f3f4f5 !important;}&#8221; tabletbbresponsive=&#8221;.bb_custom_1559214215382{padding-top:30px!important;padding-bottom:30px!important;}&#8221; mobilebbresponsive=&#8221;.bb_custom_1559214215383{padding-top:20px!important;padding-bottom:20px!important;}&#8221; el_id=&#8221;Contact&#8221;][vc_column css=&#8221;.vc_custom_1558959253686{padding-top: 0px !important;padding-bottom: 0px !important;}&#8221; mobilebbresponsive=&#8221;.bb_custom_1558959253688{text-align:center!important;}&#8221;][vc_row_inner equal_height=&#8221;yes&#8221;][vc_column_inner width=&#8221;1\/4&#8243; css=&#8221;.vc_custom_1558020434149{padding-top: 0px !important;padding-bottom: 0px !important;}&#8221;][\/vc_column_inner][vc_column_inner width=&#8221;1\/2&#8243; css=&#8221;.vc_custom_1558020428648{padding-top: 0px !important;padding-bottom: 0px !important;}&#8221;][vc_custom_heading text=&#8221;Ask for a quote to find the ideal employee!&#8221; font_container=&#8221;tag:h2|text_align:center&#8221; use_theme_fonts=&#8221;yes&#8221;][vc_column_text]Our colleague will contact you without delay, answer your questions, and work out a personalised solution for your company.<\/p>\n<p>Important note: requesting a quote does not imply any obligation for you.[\/vc_column_text]\n<div class=\"wpcf7 no-js\" id=\"wpcf7-f2100-o2\" lang=\"hu-HU\" dir=\"ltr\" data-wpcf7-id=\"2100\">\n<div class=\"screen-reader-response\"><p role=\"status\" aria-live=\"polite\" aria-atomic=\"true\"><\/p> <ul><\/ul><\/div>\n<form action=\"\/en\/wp-json\/wp\/v2\/pages\/37#wpcf7-f2100-o2\" method=\"post\" class=\"wpcf7-form init\" aria-label=\"Kapcsolatfelv\u00e9teli \u0171rlap\" novalidate=\"novalidate\" data-status=\"init\">\n<fieldset class=\"hidden-fields-container\"><input type=\"hidden\" name=\"_wpcf7\" value=\"2100\" \/><input type=\"hidden\" name=\"_wpcf7_version\" value=\"6.1.4\" \/><input type=\"hidden\" name=\"_wpcf7_locale\" value=\"hu_HU\" \/><input type=\"hidden\" name=\"_wpcf7_unit_tag\" value=\"wpcf7-f2100-o2\" \/><input type=\"hidden\" name=\"_wpcf7_container_post\" value=\"0\" \/><input type=\"hidden\" name=\"_wpcf7_posted_data_hash\" value=\"\" \/><input type=\"hidden\" name=\"_wpcf7_recaptcha_response\" value=\"\" \/>\n<\/fieldset>\n<div class=\"w-form aa-form\">\n\t<p><label for=\"mk-name\" class=\"fieldlabel\">Name<\/label><span class=\"wpcf7-form-control-wrap\" data-name=\"mk-name\"><input size=\"40\" maxlength=\"400\" class=\"wpcf7-form-control wpcf7-text wpcf7-validates-as-required textfield w-input\" aria-required=\"true\" aria-invalid=\"false\" value=\"\" type=\"text\" name=\"mk-name\" \/><\/span><label for=\"mk-email\" class=\"fieldlabel\">Email address<\/label><span class=\"wpcf7-form-control-wrap\" data-name=\"mk-email\"><input size=\"40\" maxlength=\"400\" class=\"wpcf7-form-control wpcf7-email wpcf7-validates-as-required wpcf7-text wpcf7-validates-as-email textfield w-input\" aria-required=\"true\" aria-invalid=\"false\" value=\"\" type=\"email\" name=\"mk-email\" \/><\/span><label for=\"mk-tel\" class=\"fieldlabel\">Phone number<\/label><span class=\"wpcf7-form-control-wrap\" data-name=\"mk-tel\"><input size=\"40\" maxlength=\"400\" class=\"wpcf7-form-control wpcf7-tel wpcf7-validates-as-required wpcf7-text wpcf7-validates-as-tel textfield w-input\" aria-required=\"true\" aria-invalid=\"false\" placeholder=\"+36\" value=\"\" type=\"tel\" name=\"mk-tel\" \/><\/span><label for=\"mk-message\" class=\"fieldlabel\">Text<\/label><span class=\"wpcf7-form-control-wrap\" data-name=\"mk-message\"><textarea cols=\"40\" rows=\"10\" maxlength=\"2000\" class=\"wpcf7-form-control wpcf7-textarea textarea w-input\" aria-invalid=\"false\" placeholder=\"\" name=\"mk-message\"><\/textarea><\/span>\n\t<\/p>\n\t<div class=\"aa-submit-container\">\n\t\t<p><input class=\"wpcf7-form-control wpcf7-submit has-spinner button w-button\" type=\"submit\" value=\"Ask for a quote\" \/>\n\t\t<\/p>\n\t<\/div>\n<\/div><p style=\"display: none !important;\" class=\"akismet-fields-container\" data-prefix=\"_wpcf7_ak_\"><label>&#916;<textarea name=\"_wpcf7_ak_hp_textarea\" cols=\"45\" rows=\"8\" maxlength=\"100\"><\/textarea><\/label><input type=\"hidden\" id=\"ak_js_2\" name=\"_wpcf7_ak_js\" value=\"59\"\/><script>document.getElementById( \"ak_js_2\" ).setAttribute( \"value\", ( new Date() ).getTime() );<\/script><\/p><div class=\"wpcf7-response-output\" aria-hidden=\"true\"><\/div>\n<\/form>\n<\/div>\n[\/vc_column_inner][vc_column_inner width=&#8221;1\/4&#8243; css=&#8221;.vc_custom_1558020442733{padding-top: 0px !important;padding-bottom: 0px !important;}&#8221;][\/vc_column_inner][\/vc_row_inner][\/vc_column][\/vc_row]<\/p>","protected":false},"excerpt":{"rendered":"<p>[vc_row full_width=&#8221;stretch_row_content_no_spaces&#8221;][vc_column][\/vc_column][\/vc_row][vc_section full_width=&#8221;stretch_row&#8221; css=&#8221;.vc_custom_1571989384667{padding-top: 0px !important;padding-bottom: 0px !important;background-image: url(https:\/\/www.aarenson.hu\/wp-content\/uploads\/2019\/05\/garancia-bg.jpg?id=1892) !important;background-position: center !important;background-repeat: no-repeat !important;background-size: cover !important;}&#8221;][vc_row css=&#8221;.vc_custom_1559214126631{padding-top: 60px !important;padding-right: 15px !important;padding-bottom: 60px !important;padding-left: 15px !important;}&#8221; el_class=&#8221;white-text&#8221; tabletbbresponsive=&#8221;.bb_custom_1559214126632{padding-top:30px!important;padding-right:5px!important;padding-bottom:30px!important;padding-left:5px!important;}&#8221; mobilebbresponsive=&#8221;.bb_custom_1559214126633{padding-top:30px!important;padding-right:0px!important;padding-bottom:30px!important;padding-left:0px!important;}&#8221;][vc_column width=&#8221;1\/2&#8243;][\/vc_column][vc_column width=&#8221;1\/2&#8243; offset=&#8221;vc_hidden-xs&#8221;][\/vc_column][\/vc_row][\/vc_section][vc_row equal_height=&#8221;yes&#8221; css=&#8221;.vc_custom_1558959180736{padding-top: 60px !important;padding-right: 15px !important;padding-bottom: 60px !important;padding-left: 15px !important;}&#8221; smallbbresponsive=&#8221;.bb_custom_1558514455707{padding-top:10px!important;padding-right:10px!important;padding-bottom:10px!important;padding-left:10px!important;}&#8221; mediumbbresponsive=&#8221;.bb_custom_1558514455707{padding-top:15px!important;padding-right:15px!important;padding-bottom:15px!important;padding-left:15px!important;}&#8221; largebbresponsive=&#8221;.bb_custom_1558514455708{padding-top:60px!important;padding-right:45px!important;padding-bottom:60px!important;padding-left:45px!important;}&#8221; tabletbbresponsive=&#8221;.bb_custom_1558959180737{padding-top:30px!important;padding-right:5px!important;padding-bottom:30px!important;padding-left:5px!important;}&#8221; mobilebbresponsive=&#8221;.bb_custom_1558959180737{padding-top:20px!important;padding-right:0px!important;padding-bottom:20px!important;padding-left:0px!important;}&#8221;][vc_column width=&#8221;1\/2&#8243; smallbbresponsive=&#8221;.bb_custom_1558514389801{padding-top:10px!important;padding-right:10px!important;padding-bottom:10px!important;padding-left:10px!important;}&#8221; mediumbbresponsive=&#8221;.bb_custom_1558514389802{padding-top:15px!important;padding-right:15px!important;padding-bottom:15px!important;padding-left:15px!important;}&#8221; largebbresponsive=&#8221;.bb_custom_1558514389802{padding-top:0px!important;padding-right:15px!important;padding-bottom:0px!important;padding-left:15px!important;}&#8221; mobilebbresponsive=&#8221;.bb_custom_1558959190588{padding-bottom:20px!important;}&#8221;][vc_column_text css=&#8221;.vc_custom_1568899554453{margin-bottom: 20px !important;}&#8221;]We assume [&hellip;]<\/p>\n","protected":false},"author":2,"featured_media":0,"parent":29,"menu_order":0,"comment_status":"closed","ping_status":"closed","template":"","meta":{"footnotes":""},"class_list":["post-37","page","type-page","status-publish","hentry"],"yoast_head":"<!-- This site is optimized with the Yoast SEO Premium plugin v26.7 (Yoast SEO v26.7) - https:\/\/yoast.com\/wordpress\/plugins\/seo\/ -->\n<title>Guarantee fejvad\u00e1sz tev\u00e9kenys\u00e9g\u00fcnkre | Aarenson<\/title>\n<meta name=\"description\" content=\"Az Aarenson Consulting kett\u0151s garanci\u00e1val v\u00e9gzi fejvad\u00e1szat tev\u00e9kenys\u00e9g\u00e9t! Jel\u00f6ltjeink\u00e9rt akkor kell d\u00edjat fizetnie, ha valamelyikkel munkaviszonyt l\u00e9tes\u00edt.\" \/>\n<meta name=\"robots\" content=\"index, follow, max-snippet:-1, max-image-preview:large, max-video-preview:-1\" \/>\n<link rel=\"canonical\" href=\"https:\/\/www.aarenson.hu\/rolunk\/garancia\/\" \/>\n<meta property=\"og:locale\" content=\"en_US\" \/>\n<meta property=\"og:type\" content=\"article\" \/>\n<meta property=\"og:title\" content=\"Guarantee\" \/>\n<meta property=\"og:description\" content=\"Az Aarenson Consulting kett\u0151s garanci\u00e1val v\u00e9gzi fejvad\u00e1szat tev\u00e9kenys\u00e9g\u00e9t! Jel\u00f6ltjeink\u00e9rt akkor kell d\u00edjat fizetnie, ha valamelyikkel munkaviszonyt l\u00e9tes\u00edt.\" \/>\n<meta property=\"og:url\" content=\"https:\/\/www.aarenson.hu\/rolunk\/garancia\/\" \/>\n<meta property=\"og:site_name\" content=\"Aarenson\" \/>\n<meta property=\"article:publisher\" content=\"https:\/\/www.facebook.com\/aarenson.consulting\/\" \/>\n<meta property=\"article:modified_time\" content=\"2025-04-02T20:28:23+00:00\" \/>\n<meta name=\"twitter:card\" content=\"summary_large_image\" \/>\n<meta name=\"twitter:label1\" content=\"Est. reading time\" \/>\n\t<meta name=\"twitter:data1\" content=\"2 minutes\" \/>\n<script type=\"application\/ld+json\" class=\"yoast-schema-graph\">{\"@context\":\"https:\/\/schema.org\",\"@graph\":[{\"@type\":\"WebPage\",\"@id\":\"https:\/\/www.aarenson.hu\/rolunk\/garancia\/\",\"url\":\"https:\/\/www.aarenson.hu\/rolunk\/garancia\/\",\"name\":\"Guarantee fejvad\u00e1sz tev\u00e9kenys\u00e9g\u00fcnkre | Aarenson\",\"isPartOf\":{\"@id\":\"https:\/\/www.aarenson.hu\/#website\"},\"datePublished\":\"2019-05-14T10:10:51+00:00\",\"dateModified\":\"2025-04-02T20:28:23+00:00\",\"description\":\"Az Aarenson Consulting kett\u0151s garanci\u00e1val v\u00e9gzi fejvad\u00e1szat tev\u00e9kenys\u00e9g\u00e9t! Jel\u00f6ltjeink\u00e9rt akkor kell d\u00edjat fizetnie, ha valamelyikkel munkaviszonyt l\u00e9tes\u00edt.\",\"breadcrumb\":{\"@id\":\"https:\/\/www.aarenson.hu\/rolunk\/garancia\/#breadcrumb\"},\"inLanguage\":\"en-US\",\"potentialAction\":[{\"@type\":\"ReadAction\",\"target\":[\"https:\/\/www.aarenson.hu\/rolunk\/garancia\/\"]}]},{\"@type\":\"BreadcrumbList\",\"@id\":\"https:\/\/www.aarenson.hu\/rolunk\/garancia\/#breadcrumb\",\"itemListElement\":[{\"@type\":\"ListItem\",\"position\":1,\"name\":\"Home\",\"item\":\"https:\/\/www.aarenson.hu\/\"},{\"@type\":\"ListItem\",\"position\":2,\"name\":\"R\u00f3lunk\",\"item\":\"https:\/\/www.aarenson.hu\/rolunk\/\"},{\"@type\":\"ListItem\",\"position\":3,\"name\":\"Garancia\"}]},{\"@type\":\"WebSite\",\"@id\":\"https:\/\/www.aarenson.hu\/#website\",\"url\":\"https:\/\/www.aarenson.hu\/\",\"name\":\"Aarenson\",\"description\":\"\",\"potentialAction\":[{\"@type\":\"SearchAction\",\"target\":{\"@type\":\"EntryPoint\",\"urlTemplate\":\"https:\/\/www.aarenson.hu\/?s={search_term_string}\"},\"query-input\":{\"@type\":\"PropertyValueSpecification\",\"valueRequired\":true,\"valueName\":\"search_term_string\"}}],\"inLanguage\":\"en-US\"}]}<\/script>\n<!-- \/ Yoast SEO Premium plugin. -->","yoast_head_json":{"title":"Guarantee fejvad\u00e1sz tev\u00e9kenys\u00e9g\u00fcnkre | Aarenson","description":"Az Aarenson Consulting kett\u0151s garanci\u00e1val v\u00e9gzi fejvad\u00e1szat tev\u00e9kenys\u00e9g\u00e9t! Jel\u00f6ltjeink\u00e9rt akkor kell d\u00edjat fizetnie, ha valamelyikkel munkaviszonyt l\u00e9tes\u00edt.","robots":{"index":"index","follow":"follow","max-snippet":"max-snippet:-1","max-image-preview":"max-image-preview:large","max-video-preview":"max-video-preview:-1"},"canonical":"https:\/\/www.aarenson.hu\/rolunk\/garancia\/","og_locale":"en_US","og_type":"article","og_title":"Guarantee","og_description":"Az Aarenson Consulting kett\u0151s garanci\u00e1val v\u00e9gzi fejvad\u00e1szat tev\u00e9kenys\u00e9g\u00e9t! Jel\u00f6ltjeink\u00e9rt akkor kell d\u00edjat fizetnie, ha valamelyikkel munkaviszonyt l\u00e9tes\u00edt.","og_url":"https:\/\/www.aarenson.hu\/rolunk\/garancia\/","og_site_name":"Aarenson","article_publisher":"https:\/\/www.facebook.com\/aarenson.consulting\/","article_modified_time":"2025-04-02T20:28:23+00:00","twitter_card":"summary_large_image","twitter_misc":{"Est. reading time":"2 minutes"},"schema":{"@context":"https:\/\/schema.org","@graph":[{"@type":"WebPage","@id":"https:\/\/www.aarenson.hu\/rolunk\/garancia\/","url":"https:\/\/www.aarenson.hu\/rolunk\/garancia\/","name":"Guarantee fejvad\u00e1sz tev\u00e9kenys\u00e9g\u00fcnkre | Aarenson","isPartOf":{"@id":"https:\/\/www.aarenson.hu\/#website"},"datePublished":"2019-05-14T10:10:51+00:00","dateModified":"2025-04-02T20:28:23+00:00","description":"Az Aarenson Consulting kett\u0151s garanci\u00e1val v\u00e9gzi fejvad\u00e1szat tev\u00e9kenys\u00e9g\u00e9t! Jel\u00f6ltjeink\u00e9rt akkor kell d\u00edjat fizetnie, ha valamelyikkel munkaviszonyt l\u00e9tes\u00edt.","breadcrumb":{"@id":"https:\/\/www.aarenson.hu\/rolunk\/garancia\/#breadcrumb"},"inLanguage":"en-US","potentialAction":[{"@type":"ReadAction","target":["https:\/\/www.aarenson.hu\/rolunk\/garancia\/"]}]},{"@type":"BreadcrumbList","@id":"https:\/\/www.aarenson.hu\/rolunk\/garancia\/#breadcrumb","itemListElement":[{"@type":"ListItem","position":1,"name":"Home","item":"https:\/\/www.aarenson.hu\/"},{"@type":"ListItem","position":2,"name":"R\u00f3lunk","item":"https:\/\/www.aarenson.hu\/rolunk\/"},{"@type":"ListItem","position":3,"name":"Garancia"}]},{"@type":"WebSite","@id":"https:\/\/www.aarenson.hu\/#website","url":"https:\/\/www.aarenson.hu\/","name":"Aarenson","description":"","potentialAction":[{"@type":"SearchAction","target":{"@type":"EntryPoint","urlTemplate":"https:\/\/www.aarenson.hu\/?s={search_term_string}"},"query-input":{"@type":"PropertyValueSpecification","valueRequired":true,"valueName":"search_term_string"}}],"inLanguage":"en-US"}]}},"_links":{"self":[{"href":"https:\/\/www.aarenson.hu\/en\/wp-json\/wp\/v2\/pages\/37","targetHints":{"allow":["GET"]}}],"collection":[{"href":"https:\/\/www.aarenson.hu\/en\/wp-json\/wp\/v2\/pages"}],"about":[{"href":"https:\/\/www.aarenson.hu\/en\/wp-json\/wp\/v2\/types\/page"}],"author":[{"embeddable":true,"href":"https:\/\/www.aarenson.hu\/en\/wp-json\/wp\/v2\/users\/2"}],"replies":[{"embeddable":true,"href":"https:\/\/www.aarenson.hu\/en\/wp-json\/wp\/v2\/comments?post=37"}],"version-history":[{"count":6,"href":"https:\/\/www.aarenson.hu\/en\/wp-json\/wp\/v2\/pages\/37\/revisions"}],"predecessor-version":[{"id":2803,"href":"https:\/\/www.aarenson.hu\/en\/wp-json\/wp\/v2\/pages\/37\/revisions\/2803"}],"up":[{"embeddable":true,"href":"https:\/\/www.aarenson.hu\/en\/wp-json\/wp\/v2\/pages\/29"}],"wp:attachment":[{"href":"https:\/\/www.aarenson.hu\/en\/wp-json\/wp\/v2\/media?parent=37"}],"curies":[{"name":"wp","href":"https:\/\/api.w.org\/{rel}","templated":true}]}}