{"id":41,"date":"2019-05-14T12:11:07","date_gmt":"2019-05-14T10:11:07","guid":{"rendered":"http:\/\/www.aarenson.hu\/?page_id=41"},"modified":"2019-09-11T22:41:42","modified_gmt":"2019-09-11T20:41:42","slug":"aarenson-idezetek","status":"publish","type":"page","link":"https:\/\/www.aarenson.hu\/en\/about\/aarenson-idezetek\/","title":{"rendered":"Aarenson id\u00e9zetek"},"content":{"rendered":"<p>[vc_row full_width=&#8221;stretch_row_content_no_spaces&#8221;][vc_column]\t<div class=\"section subpage-hero-section \">\n\t\t<div class=\"container\">\n\t\t\t<div class=\"columns\">\n\t\t\t\t<div class=\"col col-12 center\">\n\t\t\t\t\t<h1 class=\"hero-heading-1\">Aarenson id\u00e9zetek<\/h1>\n\t\t\t\t\t<p class=\"small-title white\">R\u00f3lunk<\/p>\n\t\t\t\t<\/div>\n\t\t\t<\/div>\n\t\t<\/div>\n\t<\/div>\n\t[\/vc_column][\/vc_row][vc_row full_width=&#8221;stretch_row_content_no_spaces&#8221; bb_tab_container=&#8221;&#8221;][vc_column]\t<section id=\"Home-quote\" class=\"section home-quote-section  0\">\n\t\t<div class=\"container\">\n\t\t\t<div class=\"columns\">\n\t\t\t\t<div class=\"col col-3\">\n\t\t\t\t\t<img loading=\"lazy\" decoding=\"async\" width=\"200\" height=\"200\" src=\"https:\/\/www.aarenson.hu\/wp-content\/uploads\/2019\/08\/000010188_1_Milan_Kundera_201507021354.jpg\" class=\"quote-image wp-post-image\" alt=\"\" srcset=\"https:\/\/www.aarenson.hu\/wp-content\/uploads\/2019\/08\/000010188_1_Milan_Kundera_201507021354.jpg 200w, https:\/\/www.aarenson.hu\/wp-content\/uploads\/2019\/08\/000010188_1_Milan_Kundera_201507021354-150x150.jpg 150w, https:\/\/www.aarenson.hu\/wp-content\/uploads\/2019\/08\/000010188_1_Milan_Kundera_201507021354-120x120.jpg 120w\" sizes=\"auto, (max-width: 200px) 100vw, 200px\" \/>\t\t\t\t<\/div>\n\t\t\t\t<div class=\"col col-6 quote\">\n\t\t\t\t\t<blockquote class=\"block-quote\">\u201eAki folyv\u00e1st \"valahova f\u00f6ljebb\" t\u00f6rekszik, annak sz\u00e1molnia kell azzal, hogy egy napon elsz\u00e9d\u00fcl.\u201d<\/blockquote>\n\t\t\t\t<div class=\"quote-small-text\">\n\t\t\t\t\t<p class=\"small-title white\">\u2014 Milan Kundera<br><\/p><a href=\"https:\/\/www.aarenson.hu\/en\/about\/aarenson-idezetek\/\" class=\"small-link\">Quotes from the world of work <span class=\"fa-small\">\uf105<\/span><\/a><\/div>\n\t\t\t\t<\/div>\n\t\t\t<\/div>\n\t\t<\/div>\n\t\t<div class=\"emblem-rotate\"><\/div>\n\t<\/section>\n\n\t[\/vc_column][\/vc_row][vc_row smallbbresponsive=&#8221;.bb_custom_1558531660146{padding-top:10px!important;padding-right:10px!important;padding-bottom:10px!important;padding-left:10px!important;}&#8221; mediumbbresponsive=&#8221;.bb_custom_1558531660147{padding-top:15px!important;padding-right:15px!important;padding-bottom:15px!important;padding-left:15px!important;}&#8221; largebbresponsive=&#8221;.bb_custom_1558531660147{padding-top:30px!important;padding-right:15px!important;padding-bottom:30px!important;padding-left:15px!important;}&#8221; css=&#8221;.vc_custom_1558961592297{padding-top: 60px !important;padding-bottom: 60px !important;}&#8221; bb_tab_container=&#8221;&#8221; tabletbbresponsive=&#8221;.bb_custom_1558961592298{padding-top:30px!important;padding-bottom:30px!important;}&#8221; mobilebbresponsive=&#8221;.bb_custom_1558961592298{padding-top:20px!important;padding-bottom:20px!important;}&#8221;][vc_column]\t\n\t<div class=\"columns float w-clearfix \">\n    \t        <div class=\"quote-col\">\n            <div class=\"quote-background \">\n                <p class=\"quote-small\">\u201cAki folyv\u00e1st \"valahova f\u00f6ljebb\" t\u00f6rekszik, annak sz\u00e1molnia kell azzal, hogy egy napon elsz\u00e9d\u00fcl.\u201d<\/p>\n                <p class=\"quote-name-small\">\u2014 Milan Kundera \u2014<br><\/p>\n                <div class=\"quote-share-block\">\n                    <a target=\"_blank\" href=\"http:\/\/www.linkedin.com\/shareArticle?mini=true&url=https:\/\/www.aarenson.hu\/en\/about\/aarenson-idezetek\/&submitted-image-url=https:\/\/www.aarenson.hu\/wp-content\/uploads\/2019\/08\/2019-08-21-10-34-40--2053.png&title=\" class=\"quote-share-icon\">\uf0e1<\/a>\n                    <a target=\"_blank\" href=\"http:\/\/www.facebook.com\/sharer\/sharer.php?u=https:\/\/www.aarenson.hu\/wp-content\/uploads\/2019\/08\/2019-08-21-10-34-40--2053.png\" class=\"quote-share-icon\">\uf39e<\/a>\n                <\/div>\n                <img loading=\"lazy\" decoding=\"async\" width=\"120\" height=\"120\" src=\"https:\/\/www.aarenson.hu\/wp-content\/uploads\/2019\/08\/000010188_1_Milan_Kundera_201507021354-120x120.jpg\" class=\"quote-image small wp-post-image\" alt=\"\" srcset=\"https:\/\/www.aarenson.hu\/wp-content\/uploads\/2019\/08\/000010188_1_Milan_Kundera_201507021354-120x120.jpg 120w, https:\/\/www.aarenson.hu\/wp-content\/uploads\/2019\/08\/000010188_1_Milan_Kundera_201507021354-150x150.jpg 150w, https:\/\/www.aarenson.hu\/wp-content\/uploads\/2019\/08\/000010188_1_Milan_Kundera_201507021354.jpg 200w\" sizes=\"auto, (max-width: 120px) 100vw, 120px\" \/>            <\/div>\n        <\/div>\n    \t        <div class=\"quote-col\">\n            <div class=\"quote-background orange\">\n                <p class=\"quote-small\">\u201cA p\u00e9nz mindaddig \u00e9rt\u00e9ktelen, am\u00edg meg nem osztjuk a pozit\u00edv hat\u00e1sait mindazokkal, akiknek sz\u00edv\u00fcnk\u00f6n viselj\u00fck a sors\u00e1t.\u201d<\/p>\n                <p class=\"quote-name-small\">\u2014 Tony Robbins \u2014<br><\/p>\n                <div class=\"quote-share-block\">\n                    <a target=\"_blank\" href=\"http:\/\/www.linkedin.com\/shareArticle?mini=true&url=https:\/\/www.aarenson.hu\/en\/about\/aarenson-idezetek\/&submitted-image-url=https:\/\/www.aarenson.hu\/wp-content\/uploads\/2019\/08\/2019-08-08-12-09-10--2042.png&title=\" class=\"quote-share-icon\">\uf0e1<\/a>\n                    <a target=\"_blank\" href=\"http:\/\/www.facebook.com\/sharer\/sharer.php?u=https:\/\/www.aarenson.hu\/wp-content\/uploads\/2019\/08\/2019-08-08-12-09-10--2042.png\" class=\"quote-share-icon\">\uf39e<\/a>\n                <\/div>\n                <img loading=\"lazy\" decoding=\"async\" width=\"120\" height=\"120\" src=\"https:\/\/www.aarenson.hu\/wp-content\/uploads\/2019\/08\/Tony_hero2-645x373-120x120.png\" class=\"quote-image small wp-post-image\" alt=\"\" srcset=\"https:\/\/www.aarenson.hu\/wp-content\/uploads\/2019\/08\/Tony_hero2-645x373-120x120.png 120w, https:\/\/www.aarenson.hu\/wp-content\/uploads\/2019\/08\/Tony_hero2-645x373-150x150.png 150w, https:\/\/www.aarenson.hu\/wp-content\/uploads\/2019\/08\/Tony_hero2-645x373-283x283.png 283w\" sizes=\"auto, (max-width: 120px) 100vw, 120px\" \/>            <\/div>\n        <\/div>\n    \t    <\/div>\n\n\t[\/vc_column][\/vc_row]<\/p>\n","protected":false},"excerpt":{"rendered":"<p>[vc_row full_width=&#8221;stretch_row_content_no_spaces&#8221;][vc_column][\/vc_column][\/vc_row][vc_row full_width=&#8221;stretch_row_content_no_spaces&#8221; bb_tab_container=&#8221;&#8221;][vc_column][\/vc_column][\/vc_row][vc_row smallbbresponsive=&#8221;.bb_custom_1558531660146{padding-top:10px!important;padding-right:10px!important;padding-bottom:10px!important;padding-left:10px!important;}&#8221; mediumbbresponsive=&#8221;.bb_custom_1558531660147{padding-top:15px!important;padding-right:15px!important;padding-bottom:15px!important;padding-left:15px!important;}&#8221; largebbresponsive=&#8221;.bb_custom_1558531660147{padding-top:30px!important;padding-right:15px!important;padding-bottom:30px!important;padding-left:15px!important;}&#8221; css=&#8221;.vc_custom_1558961592297{padding-top: 60px !important;padding-bottom: 60px !important;}&#8221; bb_tab_container=&#8221;&#8221; tabletbbresponsive=&#8221;.bb_custom_1558961592298{padding-top:30px!important;padding-bottom:30px!important;}&#8221; mobilebbresponsive=&#8221;.bb_custom_1558961592298{padding-top:20px!important;padding-bottom:20px!important;}&#8221;][vc_column][\/vc_column][\/vc_row]<\/p>\n","protected":false},"author":2,"featured_media":0,"parent":29,"menu_order":0,"comment_status":"closed","ping_status":"closed","template":"","meta":{"footnotes":""},"class_list":["post-41","page","type-page","status-publish","hentry"],"yoast_head":"<!-- This site is optimized with the Yoast SEO Premium plugin v26.7 (Yoast SEO v26.7) - https:\/\/yoast.com\/wordpress\/plugins\/seo\/ -->\n<title>Aarenson id\u00e9zetek | Aarenson<\/title>\n<meta name=\"description\" content=\"Az Aarenson Consulting sz\u00e1mos olyan id\u00e9zetet gy\u0171jt\u00f6tt \u00f6ssze, amely valamilyen m\u00f3don a munk\u00e1val, az azzal megszerezhet\u0151 \u00f6r\u00f6mmel, a munkaer\u0151vel kapcsoloatos.\" \/>\n<meta name=\"robots\" content=\"index, follow, max-snippet:-1, max-image-preview:large, max-video-preview:-1\" \/>\n<link rel=\"canonical\" href=\"https:\/\/www.aarenson.hu\/rolunk\/aarenson-idezetek\/\" \/>\n<meta property=\"og:locale\" content=\"en_US\" \/>\n<meta property=\"og:type\" content=\"article\" \/>\n<meta property=\"og:title\" content=\"Aarenson id\u00e9zetek\" \/>\n<meta property=\"og:description\" content=\"Az Aarenson Consulting sz\u00e1mos olyan id\u00e9zetet gy\u0171jt\u00f6tt \u00f6ssze, amely valamilyen m\u00f3don a munk\u00e1val, az azzal megszerezhet\u0151 \u00f6r\u00f6mmel, a munkaer\u0151vel kapcsoloatos.\" \/>\n<meta property=\"og:url\" content=\"https:\/\/www.aarenson.hu\/rolunk\/aarenson-idezetek\/\" \/>\n<meta property=\"og:site_name\" content=\"Aarenson\" \/>\n<meta property=\"article:publisher\" content=\"https:\/\/www.facebook.com\/aarenson.consulting\/\" \/>\n<meta property=\"article:modified_time\" content=\"2019-09-11T20:41:42+00:00\" \/>\n<meta name=\"twitter:card\" content=\"summary_large_image\" \/>\n<meta name=\"twitter:label1\" content=\"Est. reading time\" \/>\n\t<meta name=\"twitter:data1\" content=\"1 minute\" \/>\n<script type=\"application\/ld+json\" class=\"yoast-schema-graph\">{\"@context\":\"https:\/\/schema.org\",\"@graph\":[{\"@type\":\"WebPage\",\"@id\":\"https:\/\/www.aarenson.hu\/rolunk\/aarenson-idezetek\/\",\"url\":\"https:\/\/www.aarenson.hu\/rolunk\/aarenson-idezetek\/\",\"name\":\"Aarenson id\u00e9zetek | Aarenson\",\"isPartOf\":{\"@id\":\"https:\/\/www.aarenson.hu\/#website\"},\"datePublished\":\"2019-05-14T10:11:07+00:00\",\"dateModified\":\"2019-09-11T20:41:42+00:00\",\"description\":\"Az Aarenson Consulting sz\u00e1mos olyan id\u00e9zetet gy\u0171jt\u00f6tt \u00f6ssze, amely valamilyen m\u00f3don a munk\u00e1val, az azzal megszerezhet\u0151 \u00f6r\u00f6mmel, a munkaer\u0151vel kapcsoloatos.\",\"breadcrumb\":{\"@id\":\"https:\/\/www.aarenson.hu\/rolunk\/aarenson-idezetek\/#breadcrumb\"},\"inLanguage\":\"en-US\",\"potentialAction\":[{\"@type\":\"ReadAction\",\"target\":[\"https:\/\/www.aarenson.hu\/rolunk\/aarenson-idezetek\/\"]}]},{\"@type\":\"BreadcrumbList\",\"@id\":\"https:\/\/www.aarenson.hu\/rolunk\/aarenson-idezetek\/#breadcrumb\",\"itemListElement\":[{\"@type\":\"ListItem\",\"position\":1,\"name\":\"Home\",\"item\":\"https:\/\/www.aarenson.hu\/\"},{\"@type\":\"ListItem\",\"position\":2,\"name\":\"R\u00f3lunk\",\"item\":\"https:\/\/www.aarenson.hu\/rolunk\/\"},{\"@type\":\"ListItem\",\"position\":3,\"name\":\"Aarenson id\u00e9zetek\"}]},{\"@type\":\"WebSite\",\"@id\":\"https:\/\/www.aarenson.hu\/#website\",\"url\":\"https:\/\/www.aarenson.hu\/\",\"name\":\"Aarenson\",\"description\":\"\",\"potentialAction\":[{\"@type\":\"SearchAction\",\"target\":{\"@type\":\"EntryPoint\",\"urlTemplate\":\"https:\/\/www.aarenson.hu\/?s={search_term_string}\"},\"query-input\":{\"@type\":\"PropertyValueSpecification\",\"valueRequired\":true,\"valueName\":\"search_term_string\"}}],\"inLanguage\":\"en-US\"}]}<\/script>\n<!-- \/ Yoast SEO Premium plugin. -->","yoast_head_json":{"title":"Aarenson id\u00e9zetek | Aarenson","description":"Az Aarenson Consulting sz\u00e1mos olyan id\u00e9zetet gy\u0171jt\u00f6tt \u00f6ssze, amely valamilyen m\u00f3don a munk\u00e1val, az azzal megszerezhet\u0151 \u00f6r\u00f6mmel, a munkaer\u0151vel kapcsoloatos.","robots":{"index":"index","follow":"follow","max-snippet":"max-snippet:-1","max-image-preview":"max-image-preview:large","max-video-preview":"max-video-preview:-1"},"canonical":"https:\/\/www.aarenson.hu\/rolunk\/aarenson-idezetek\/","og_locale":"en_US","og_type":"article","og_title":"Aarenson id\u00e9zetek","og_description":"Az Aarenson Consulting sz\u00e1mos olyan id\u00e9zetet gy\u0171jt\u00f6tt \u00f6ssze, amely valamilyen m\u00f3don a munk\u00e1val, az azzal megszerezhet\u0151 \u00f6r\u00f6mmel, a munkaer\u0151vel kapcsoloatos.","og_url":"https:\/\/www.aarenson.hu\/rolunk\/aarenson-idezetek\/","og_site_name":"Aarenson","article_publisher":"https:\/\/www.facebook.com\/aarenson.consulting\/","article_modified_time":"2019-09-11T20:41:42+00:00","twitter_card":"summary_large_image","twitter_misc":{"Est. reading time":"1 minute"},"schema":{"@context":"https:\/\/schema.org","@graph":[{"@type":"WebPage","@id":"https:\/\/www.aarenson.hu\/rolunk\/aarenson-idezetek\/","url":"https:\/\/www.aarenson.hu\/rolunk\/aarenson-idezetek\/","name":"Aarenson id\u00e9zetek | Aarenson","isPartOf":{"@id":"https:\/\/www.aarenson.hu\/#website"},"datePublished":"2019-05-14T10:11:07+00:00","dateModified":"2019-09-11T20:41:42+00:00","description":"Az Aarenson Consulting sz\u00e1mos olyan id\u00e9zetet gy\u0171jt\u00f6tt \u00f6ssze, amely valamilyen m\u00f3don a munk\u00e1val, az azzal megszerezhet\u0151 \u00f6r\u00f6mmel, a munkaer\u0151vel kapcsoloatos.","breadcrumb":{"@id":"https:\/\/www.aarenson.hu\/rolunk\/aarenson-idezetek\/#breadcrumb"},"inLanguage":"en-US","potentialAction":[{"@type":"ReadAction","target":["https:\/\/www.aarenson.hu\/rolunk\/aarenson-idezetek\/"]}]},{"@type":"BreadcrumbList","@id":"https:\/\/www.aarenson.hu\/rolunk\/aarenson-idezetek\/#breadcrumb","itemListElement":[{"@type":"ListItem","position":1,"name":"Home","item":"https:\/\/www.aarenson.hu\/"},{"@type":"ListItem","position":2,"name":"R\u00f3lunk","item":"https:\/\/www.aarenson.hu\/rolunk\/"},{"@type":"ListItem","position":3,"name":"Aarenson id\u00e9zetek"}]},{"@type":"WebSite","@id":"https:\/\/www.aarenson.hu\/#website","url":"https:\/\/www.aarenson.hu\/","name":"Aarenson","description":"","potentialAction":[{"@type":"SearchAction","target":{"@type":"EntryPoint","urlTemplate":"https:\/\/www.aarenson.hu\/?s={search_term_string}"},"query-input":{"@type":"PropertyValueSpecification","valueRequired":true,"valueName":"search_term_string"}}],"inLanguage":"en-US"}]}},"_links":{"self":[{"href":"https:\/\/www.aarenson.hu\/en\/wp-json\/wp\/v2\/pages\/41","targetHints":{"allow":["GET"]}}],"collection":[{"href":"https:\/\/www.aarenson.hu\/en\/wp-json\/wp\/v2\/pages"}],"about":[{"href":"https:\/\/www.aarenson.hu\/en\/wp-json\/wp\/v2\/types\/page"}],"author":[{"embeddable":true,"href":"https:\/\/www.aarenson.hu\/en\/wp-json\/wp\/v2\/users\/2"}],"replies":[{"embeddable":true,"href":"https:\/\/www.aarenson.hu\/en\/wp-json\/wp\/v2\/comments?post=41"}],"version-history":[{"count":23,"href":"https:\/\/www.aarenson.hu\/en\/wp-json\/wp\/v2\/pages\/41\/revisions"}],"predecessor-version":[{"id":2073,"href":"https:\/\/www.aarenson.hu\/en\/wp-json\/wp\/v2\/pages\/41\/revisions\/2073"}],"up":[{"embeddable":true,"href":"https:\/\/www.aarenson.hu\/en\/wp-json\/wp\/v2\/pages\/29"}],"wp:attachment":[{"href":"https:\/\/www.aarenson.hu\/en\/wp-json\/wp\/v2\/media?parent=41"}],"curies":[{"name":"wp","href":"https:\/\/api.w.org\/{rel}","templated":true}]}}